{"id":149,"date":"2025-03-06T16:33:23","date_gmt":"2025-03-06T15:33:23","guid":{"rendered":"https:\/\/www.bricosolutions.fr\/?page_id=149"},"modified":"2025-03-26T16:27:27","modified_gmt":"2025-03-26T15:27:27","slug":"demande-de-devis","status":"publish","type":"page","link":"https:\/\/www.bricosolutions.fr\/index.php\/demande-de-devis\/","title":{"rendered":"Demande de devis"},"content":{"rendered":"\t\t<div data-elementor-type=\"wp-page\" data-elementor-id=\"149\" class=\"elementor elementor-149\">\n\t\t\t\t<div class=\"elementor-element elementor-element-8c50626 e-flex e-con-boxed e-con e-parent\" data-id=\"8c50626\" data-element_type=\"container\" data-e-type=\"container\">\n\t\t\t\t\t<div class=\"e-con-inner\">\n\t\t<div class=\"elementor-element elementor-element-49f220a e-con-full e-flex e-con e-child\" data-id=\"49f220a\" data-element_type=\"container\" data-e-type=\"container\">\n\t\t\t\t<div class=\"elementor-element elementor-element-aa898dc elementor-widget elementor-widget-heading\" data-id=\"aa898dc\" data-element_type=\"widget\" data-e-type=\"widget\" data-widget_type=\"heading.default\">\n\t\t\t\t<div class=\"elementor-widget-container\">\n\t\t\t\t\t<h2 class=\"elementor-heading-title elementor-size-default\">Demande de devis<\/h2>\t\t\t\t<\/div>\n\t\t\t\t<\/div>\n\t\t\t\t<\/div>\n\t\t\t\t\t<\/div>\n\t\t\t\t<\/div>\n\t\t<div class=\"elementor-element elementor-element-5c47db0 e-flex e-con-boxed e-con e-parent\" data-id=\"5c47db0\" data-element_type=\"container\" data-e-type=\"container\">\n\t\t\t\t\t<div class=\"e-con-inner\">\n\t\t\t\t<div class=\"elementor-element elementor-element-a98c590 elementor-widget elementor-widget-wpforms\" data-id=\"a98c590\" data-element_type=\"widget\" data-e-type=\"widget\" data-widget_type=\"wpforms.default\">\n\t\t\t\t<div class=\"elementor-widget-container\">\n\t\t\t\t\t<div class=\"wpforms-container wpforms-container-full wpforms-render-modern\" id=\"wpforms-283\"><form id=\"wpforms-form-283\" class=\"wpforms-validate wpforms-form wpforms-ajax-form\" data-formid=\"283\" method=\"post\" enctype=\"multipart\/form-data\" action=\"\/index.php\/wp-json\/wp\/v2\/pages\/149\" data-token=\"d45b12928563cfa03ddace62e90172eb\" data-token-time=\"1777550564\"><noscript class=\"wpforms-error-noscript\">Veuillez activer JavaScript dans votre navigateur pour remplir ce formulaire.<\/noscript><div id=\"wpforms-error-noscript\" style=\"display: none;\">Veuillez activer JavaScript dans votre navigateur pour remplir ce formulaire.<\/div><div class=\"wpforms-field-container\"><div id=\"wpforms-283-field_1-container\" class=\"wpforms-field wpforms-field-name\" data-field-id=\"1\"><fieldset><legend class=\"wpforms-field-label\">Nom <span class=\"wpforms-required-label\" aria-hidden=\"true\">*<\/span><\/legend><div class=\"wpforms-field-row wpforms-field-medium\"><div class=\"wpforms-field-row-block wpforms-first wpforms-one-half\"><input type=\"text\" id=\"wpforms-283-field_1\" class=\"wpforms-field-name-first wpforms-field-required\" name=\"wpforms[fields][1][first]\" aria-errormessage=\"wpforms-283-field_1-error\" required><label for=\"wpforms-283-field_1\" class=\"wpforms-field-sublabel after\">Pr\u00e9nom<\/label><\/div><div class=\"wpforms-field-row-block wpforms-one-half\"><input type=\"text\" id=\"wpforms-283-field_1-last\" class=\"wpforms-field-name-last wpforms-field-required\" name=\"wpforms[fields][1][last]\" aria-errormessage=\"wpforms-283-field_1-last-error\" required><label for=\"wpforms-283-field_1-last\" class=\"wpforms-field-sublabel after\">Nom<\/label><\/div><\/div><\/fieldset><\/div><div id=\"wpforms-283-field_2-container\" class=\"wpforms-field wpforms-field-email\" data-field-id=\"2\"><label class=\"wpforms-field-label\" for=\"wpforms-283-field_2\">E-mail <span class=\"wpforms-required-label\" aria-hidden=\"true\">*<\/span><\/label><input type=\"email\" id=\"wpforms-283-field_2\" class=\"wpforms-field-medium wpforms-field-required\" name=\"wpforms[fields][2]\" spellcheck=\"false\" aria-errormessage=\"wpforms-283-field_2-error\" required><\/div>\t\t<div id=\"wpforms-283-field_8-container\"\n\t\t\tclass=\"wpforms-field wpforms-field-text\"\n\t\t\tdata-field-type=\"text\"\n\t\t\tdata-field-id=\"8\"\n\t\t\t>\n\t\t\t<label class=\"wpforms-field-label\" for=\"wpforms-283-field_8\" >du Nom Urgence<\/label>\n\t\t\t<input type=\"text\" id=\"wpforms-283-field_8\" class=\"wpforms-field-medium\" name=\"wpforms[fields][8]\" >\n\t\t<\/div>\n\t\t<div id=\"wpforms-283-field_11-container\" class=\"wpforms-field wpforms-field-text\" data-field-id=\"11\"><label class=\"wpforms-field-label\" for=\"wpforms-283-field_11\">T\u00e9l\u00e9phone (facultatif)<\/label><input type=\"text\" id=\"wpforms-283-field_11\" class=\"wpforms-field-medium\" name=\"wpforms[fields][11]\" placeholder=\"00 00 00 00 00\" aria-errormessage=\"wpforms-283-field_11-error\" aria-describedby=\"wpforms-283-field_11-description\" ><div id=\"wpforms-283-field_11-description\" class=\"wpforms-field-description\">Appel possible en WhatsApp vid\u00e9o si vous le souhaitez pour une premi\u00e8re \u00e9valuation du besoin.<\/div><\/div><div id=\"wpforms-283-field_7-container\" class=\"wpforms-field wpforms-field-select wpforms-field-select-style-modern\" data-field-id=\"7\"><label class=\"wpforms-field-label\" for=\"wpforms-283-field_7\">Ville d&#039;intervention <span class=\"wpforms-required-label\" aria-hidden=\"true\">*<\/span><\/label><select id=\"wpforms-283-field_7\" class=\"wpforms-field-medium wpforms-field-required choicesjs-select\" data-size-class=\"wpforms-field-row wpforms-field-medium\" data-search-enabled=\"1\" name=\"wpforms[fields][7]\" required=\"required\"><option value=\"\" class=\"placeholder\" disabled ><\/option><option value=\"Ach\u00e8res (78260)\"  class=\"choice-10 depth-1\"  >Ach\u00e8res (78260)<\/option><option value=\"Boisemont (95000)\"  class=\"choice-8 depth-1\"  >Boisemont (95000)<\/option><option value=\"Cergy (95000)\"  class=\"choice-18 depth-1\"  >Cergy (95000)<\/option><option value=\"Conflans Sainte Honorine (78700)\"  class=\"choice-17 depth-1\"  >Conflans Sainte Honorine (78700)<\/option><option value=\"Eragny (95610)\"  class=\"choice-11 depth-1\"  >Eragny (95610)<\/option><option value=\"Herblay sur Seine (95220)\"  class=\"choice-15 depth-1\"  >Herblay sur Seine (95220)<\/option><option value=\"Jouy le Moutier (95280)\"  selected='selected' class=\"choice-2 depth-1\"  >Jouy le Moutier (95280)<\/option><option value=\"Maurecourt (78780)\"  class=\"choice-14 depth-1\"  >Maurecourt (78780)<\/option><option value=\"Neuville sur Oise (95000)\"  class=\"choice-16 depth-1\"  >Neuville sur Oise (95000)<\/option><option value=\"Pontoise (95300)\"  class=\"choice-19 depth-1\"  >Pontoise (95300)<\/option><option value=\"Vaur\u00e9al (95490)\"  class=\"choice-3 depth-1\"  >Vaur\u00e9al (95490)<\/option><option value=\"Autres\"  class=\"choice-21 depth-1\"  >Autres<\/option><\/select><div id=\"wpforms-283-field_7-description\" class=\"wpforms-field-description\">Voici les villes sur lesquelles j'interviens.\n<p><\/p>\nPour tout autre ville, s\u00e9lectionner \"Autres\" pour \u00e9tude.<\/div><\/div><div id=\"wpforms-283-field_3-container\" class=\"wpforms-field wpforms-field-select wpforms-field-select-style-classic\" data-field-id=\"3\"><label class=\"wpforms-field-label\" for=\"wpforms-283-field_3\">Logement <span class=\"wpforms-required-label\" aria-hidden=\"true\">*<\/span><\/label><select id=\"wpforms-283-field_3\" class=\"wpforms-field-medium wpforms-field-required\" name=\"wpforms[fields][3]\" required=\"required\"><option value=\"Pavillon\"  selected='selected' class=\"choice-1 depth-1\"  >Pavillon<\/option><option value=\"Appartement\"  class=\"choice-2 depth-1\"  >Appartement<\/option><\/select><\/div><div id=\"wpforms-283-field_9-container\" class=\"wpforms-field wpforms-field-number-slider\" data-field-id=\"9\"><label class=\"wpforms-field-label\" for=\"wpforms-283-field_9\">Etage d&#039;intervention si appartement<\/label>\n<input\n\ttype=\"range\"\n\tid=\"wpforms-283-field_9\" class=\"wpforms-field-medium\" name=\"wpforms[fields][9]\" value=\"0\" aria-errormessage=\"wpforms-283-field_9-error\"\t\tmin=\"0\"\n\tmax=\"10\"\n\tstep=\"1\">\n\n<div class=\"wpforms-field-number-slider-hint\"\n\tdata-hint=\"Valeur s\u00e9lectionn\u00e9e\u00a0: {value}\">\n\tValeur s\u00e9lectionn\u00e9e\u00a0: <b>0<\/b><\/div>\n<\/div><div id=\"wpforms-283-field_4-container\" class=\"wpforms-field wpforms-field-select wpforms-field-select-style-classic\" data-field-id=\"4\"><label class=\"wpforms-field-label\" for=\"wpforms-283-field_4\">Prestation demand\u00e9e <span class=\"wpforms-required-label\" aria-hidden=\"true\">*<\/span><\/label><select id=\"wpforms-283-field_4\" class=\"wpforms-field-medium wpforms-field-required\" name=\"wpforms[fields][4]\" required=\"required\"><option value=\"Bricolage\"  selected='selected' class=\"choice-1 depth-1\"  >Bricolage<\/option><option value=\"Jardinage\"  class=\"choice-2 depth-1\"  >Jardinage<\/option><option value=\"Assistance informatique\"  class=\"choice-3 depth-1\"  >Assistance informatique<\/option><option value=\"Assistance administrative\"  class=\"choice-4 depth-1\"  >Assistance administrative<\/option><\/select><\/div><div id=\"wpforms-283-field_5-container\" class=\"wpforms-field wpforms-field-select wpforms-field-select-style-classic\" data-field-id=\"5\"><label class=\"wpforms-field-label\" for=\"wpforms-283-field_5\">Urgence de la prestation <span class=\"wpforms-required-label\" aria-hidden=\"true\">*<\/span><\/label><select id=\"wpforms-283-field_5\" class=\"wpforms-field-medium wpforms-field-required\" name=\"wpforms[fields][5]\" required=\"required\"><option value=\"inf\u00e9rieure \u00e0 2 jours\"  selected='selected' class=\"choice-1 depth-1\"  >inf\u00e9rieure \u00e0 2 jours<\/option><option value=\"entre 2 et 5 jours\"  class=\"choice-2 depth-1\"  >entre 2 et 5 jours<\/option><option value=\"sup\u00e9rieure \u00e0 5 jours\"  class=\"choice-3 depth-1\"  >sup\u00e9rieure \u00e0 5 jours<\/option><\/select><\/div><div id=\"wpforms-283-field_6-container\" class=\"wpforms-field wpforms-field-textarea\" data-field-id=\"6\"><label class=\"wpforms-field-label\" for=\"wpforms-283-field_6\">D\u00e9tail du besoin <span class=\"wpforms-required-label\" aria-hidden=\"true\">*<\/span><\/label><textarea id=\"wpforms-283-field_6\" class=\"wpforms-field-medium wpforms-field-required\" name=\"wpforms[fields][6]\" aria-errormessage=\"wpforms-283-field_6-error\" required><\/textarea><\/div><div id=\"wpforms-283-field_10-container\" class=\"wpforms-field wpforms-field-checkbox\" data-field-id=\"10\"><fieldset><legend class=\"wpforms-field-label\">RGPD <span class=\"wpforms-required-label\" aria-hidden=\"true\">*<\/span><\/legend><ul id=\"wpforms-283-field_10\" class=\"wpforms-field-required\"><li class=\"choice-1 depth-1\"><input type=\"checkbox\" id=\"wpforms-283-field_10_1\" name=\"wpforms[fields][10][]\" value=\"Je consens \u00e0 communiquer mes informations personnelles conform\u00e9ment \u00e0 la politique de confidentialit\u00e9.\" aria-errormessage=\"wpforms-283-field_10_1-error\" required ><label class=\"wpforms-field-label-inline\" for=\"wpforms-283-field_10_1\">Je consens \u00e0 communiquer mes informations personnelles conform\u00e9ment \u00e0 la politique de confidentialit\u00e9.<\/label><\/li><\/ul><\/fieldset><\/div><script>\n\t\t\t\t( function() {\n\t\t\t\t\tconst style = document.createElement( 'style' );\n\t\t\t\t\tstyle.appendChild( document.createTextNode( '#wpforms-283-field_8-container { position: absolute !important; overflow: hidden !important; display: inline !important; height: 1px !important; width: 1px !important; z-index: -1000 !important; padding: 0 !important; } #wpforms-283-field_8-container input { visibility: hidden; } #wpforms-conversational-form-page #wpforms-283-field_8-container label { counter-increment: none; }' ) );\n\t\t\t\t\tdocument.head.appendChild( style );\n\t\t\t\t\tdocument.currentScript?.remove();\n\t\t\t\t} )();\n\t\t\t<\/script><\/div><!-- .wpforms-field-container --><div class=\"wpforms-recaptcha-container wpforms-is-recaptcha wpforms-is-recaptcha-type-v3\" ><input type=\"hidden\" name=\"wpforms[recaptcha]\" value=\"\"><\/div><div class=\"wpforms-submit-container\" ><input type=\"hidden\" name=\"wpforms[id]\" value=\"283\"><input type=\"hidden\" name=\"page_title\" value=\"\"><input type=\"hidden\" name=\"page_url\" value=\"https:\/\/www.bricosolutions.fr\/index.php\/wp-json\/wp\/v2\/pages\/149\"><input type=\"hidden\" name=\"url_referer\" value=\"\"><button type=\"submit\" name=\"wpforms[submit]\" id=\"wpforms-submit-283\" class=\"wpforms-submit\" data-alt-text=\"Envoi...\" data-submit-text=\"Envoyer\" aria-live=\"assertive\" value=\"wpforms-submit\">Envoyer<\/button><img decoding=\"async\" src=\"https:\/\/www.bricosolutions.fr\/wp-content\/plugins\/wpforms-lite\/assets\/images\/submit-spin.svg\" class=\"wpforms-submit-spinner\" style=\"display: none;\" width=\"26\" height=\"26\" alt=\"Chargement en cours\"><\/div><\/form><\/div>  <!-- .wpforms-container -->\t\t\t\t<\/div>\n\t\t\t\t<\/div>\n\t\t\t\t\t<\/div>\n\t\t\t\t<\/div>\n\t\t\t\t<\/div>\n\t\t","protected":false},"excerpt":{"rendered":"<p>Demande de devis Veuillez activer JavaScript dans votre navigateur pour remplir ce formulaire.Veuillez activer JavaScript dans votre navigateur pour remplir ce formulaire. Nom * Pr\u00e9nomNom E-mail *T\u00e9l\u00e9phone (facultatif)Appel possible en WhatsApp vid\u00e9o si vous le souhaitez pour une premi\u00e8re \u00e9valuation du besoin.Ville d&#039;intervention *Ach\u00e8res (78260)Ach\u00e8res (78260)Boisemont (95000)Cergy (95000)Conflans Sainte Honorine (78700)Eragny (95610)Herblay sur Seine (95220)Jouy [&hellip;]<\/p>\n","protected":false},"author":1,"featured_media":0,"parent":0,"menu_order":0,"comment_status":"closed","ping_status":"closed","template":"","meta":{"_monsterinsights_skip_tracking":false,"_monsterinsights_sitenote_active":false,"_monsterinsights_sitenote_note":"","_monsterinsights_sitenote_category":0,"_uf_show_specific_survey":0,"_uf_disable_surveys":false,"footnotes":""},"class_list":["post-149","page","type-page","status-publish","hentry"],"yoast_head":"<!-- This site is optimized with the Yoast SEO plugin v27.5 - https:\/\/yoast.com\/product\/yoast-seo-wordpress\/ -->\n<title>Demande de devis - BricoSolutions<\/title>\n<meta name=\"robots\" content=\"index, follow, max-snippet:-1, max-image-preview:large, max-video-preview:-1\" \/>\n<link rel=\"canonical\" href=\"https:\/\/www.bricosolutions.fr\/index.php\/demande-de-devis\/\" \/>\n<meta property=\"og:locale\" content=\"fr_FR\" \/>\n<meta property=\"og:type\" content=\"article\" \/>\n<meta property=\"og:title\" content=\"Demande de devis - BricoSolutions\" \/>\n<meta property=\"og:description\" content=\"Demande de devis Veuillez activer JavaScript dans votre navigateur pour remplir ce formulaire.Veuillez activer JavaScript dans votre navigateur pour remplir ce formulaire. Nom * Pr\u00e9nomNom E-mail *T\u00e9l\u00e9phone (facultatif)Appel possible en WhatsApp vid\u00e9o si vous le souhaitez pour une premi\u00e8re \u00e9valuation du besoin.Ville d&#039;intervention *Ach\u00e8res (78260)Ach\u00e8res (78260)Boisemont (95000)Cergy (95000)Conflans Sainte Honorine (78700)Eragny (95610)Herblay sur Seine (95220)Jouy [&hellip;]\" \/>\n<meta property=\"og:url\" content=\"https:\/\/www.bricosolutions.fr\/index.php\/demande-de-devis\/\" \/>\n<meta property=\"og:site_name\" content=\"BricoSolutions\" \/>\n<meta property=\"article:modified_time\" content=\"2025-03-26T15:27:27+00:00\" \/>\n<meta property=\"og:image\" content=\"https:\/\/www.bricosolutions.fr\/wp-content\/plugins\/wpforms-lite\/assets\/images\/submit-spin.svg\" \/>\n<meta name=\"twitter:card\" content=\"summary_large_image\" \/>\n<meta name=\"twitter:label1\" content=\"Dur\u00e9e de lecture estim\u00e9e\" \/>\n\t<meta name=\"twitter:data1\" content=\"1 minute\" \/>\n<script type=\"application\/ld+json\" class=\"yoast-schema-graph\">{\"@context\":\"https:\\\/\\\/schema.org\",\"@graph\":[{\"@type\":\"WebPage\",\"@id\":\"https:\\\/\\\/www.bricosolutions.fr\\\/index.php\\\/demande-de-devis\\\/\",\"url\":\"https:\\\/\\\/www.bricosolutions.fr\\\/index.php\\\/demande-de-devis\\\/\",\"name\":\"Demande de devis - BricoSolutions\",\"isPartOf\":{\"@id\":\"https:\\\/\\\/www.bricosolutions.fr\\\/#website\"},\"primaryImageOfPage\":{\"@id\":\"https:\\\/\\\/www.bricosolutions.fr\\\/index.php\\\/demande-de-devis\\\/#primaryimage\"},\"image\":{\"@id\":\"https:\\\/\\\/www.bricosolutions.fr\\\/index.php\\\/demande-de-devis\\\/#primaryimage\"},\"thumbnailUrl\":\"https:\\\/\\\/www.bricosolutions.fr\\\/wp-content\\\/plugins\\\/wpforms-lite\\\/assets\\\/images\\\/submit-spin.svg\",\"datePublished\":\"2025-03-06T15:33:23+00:00\",\"dateModified\":\"2025-03-26T15:27:27+00:00\",\"breadcrumb\":{\"@id\":\"https:\\\/\\\/www.bricosolutions.fr\\\/index.php\\\/demande-de-devis\\\/#breadcrumb\"},\"inLanguage\":\"fr-FR\",\"potentialAction\":[{\"@type\":\"ReadAction\",\"target\":[\"https:\\\/\\\/www.bricosolutions.fr\\\/index.php\\\/demande-de-devis\\\/\"]}]},{\"@type\":\"ImageObject\",\"inLanguage\":\"fr-FR\",\"@id\":\"https:\\\/\\\/www.bricosolutions.fr\\\/index.php\\\/demande-de-devis\\\/#primaryimage\",\"url\":\"https:\\\/\\\/www.bricosolutions.fr\\\/wp-content\\\/plugins\\\/wpforms-lite\\\/assets\\\/images\\\/submit-spin.svg\",\"contentUrl\":\"https:\\\/\\\/www.bricosolutions.fr\\\/wp-content\\\/plugins\\\/wpforms-lite\\\/assets\\\/images\\\/submit-spin.svg\"},{\"@type\":\"BreadcrumbList\",\"@id\":\"https:\\\/\\\/www.bricosolutions.fr\\\/index.php\\\/demande-de-devis\\\/#breadcrumb\",\"itemListElement\":[{\"@type\":\"ListItem\",\"position\":1,\"name\":\"Accueil\",\"item\":\"https:\\\/\\\/www.bricosolutions.fr\\\/\"},{\"@type\":\"ListItem\",\"position\":2,\"name\":\"Demande de devis\"}]},{\"@type\":\"WebSite\",\"@id\":\"https:\\\/\\\/www.bricosolutions.fr\\\/#website\",\"url\":\"https:\\\/\\\/www.bricosolutions.fr\\\/\",\"name\":\"BricoSolutions\",\"description\":\"Services \u00e0 la personne | Bricolage | Jardinage | Assistance informatique | Assistance administrative | Neuville sur Oise, Cergy, Conflans-Sainte-Honorine et environs\",\"publisher\":{\"@id\":\"https:\\\/\\\/www.bricosolutions.fr\\\/#organization\"},\"potentialAction\":[{\"@type\":\"SearchAction\",\"target\":{\"@type\":\"EntryPoint\",\"urlTemplate\":\"https:\\\/\\\/www.bricosolutions.fr\\\/?s={search_term_string}\"},\"query-input\":{\"@type\":\"PropertyValueSpecification\",\"valueRequired\":true,\"valueName\":\"search_term_string\"}}],\"inLanguage\":\"fr-FR\"},{\"@type\":\"Organization\",\"@id\":\"https:\\\/\\\/www.bricosolutions.fr\\\/#organization\",\"name\":\"BricoSolutions\",\"url\":\"https:\\\/\\\/www.bricosolutions.fr\\\/\",\"logo\":{\"@type\":\"ImageObject\",\"inLanguage\":\"fr-FR\",\"@id\":\"https:\\\/\\\/www.bricosolutions.fr\\\/#\\\/schema\\\/logo\\\/image\\\/\",\"url\":\"https:\\\/\\\/www.bricosolutions.fr\\\/wp-content\\\/uploads\\\/2025\\\/03\\\/Logo-BricoSolutions-239-x-149.png\",\"contentUrl\":\"https:\\\/\\\/www.bricosolutions.fr\\\/wp-content\\\/uploads\\\/2025\\\/03\\\/Logo-BricoSolutions-239-x-149.png\",\"width\":239,\"height\":149,\"caption\":\"BricoSolutions\"},\"image\":{\"@id\":\"https:\\\/\\\/www.bricosolutions.fr\\\/#\\\/schema\\\/logo\\\/image\\\/\"}}]}<\/script>\n<!-- \/ Yoast SEO plugin. -->","yoast_head_json":{"title":"Demande de devis - BricoSolutions","robots":{"index":"index","follow":"follow","max-snippet":"max-snippet:-1","max-image-preview":"max-image-preview:large","max-video-preview":"max-video-preview:-1"},"canonical":"https:\/\/www.bricosolutions.fr\/index.php\/demande-de-devis\/","og_locale":"fr_FR","og_type":"article","og_title":"Demande de devis - BricoSolutions","og_description":"Demande de devis Veuillez activer JavaScript dans votre navigateur pour remplir ce formulaire.Veuillez activer JavaScript dans votre navigateur pour remplir ce formulaire. Nom * Pr\u00e9nomNom E-mail *T\u00e9l\u00e9phone (facultatif)Appel possible en WhatsApp vid\u00e9o si vous le souhaitez pour une premi\u00e8re \u00e9valuation du besoin.Ville d&#039;intervention *Ach\u00e8res (78260)Ach\u00e8res (78260)Boisemont (95000)Cergy (95000)Conflans Sainte Honorine (78700)Eragny (95610)Herblay sur Seine (95220)Jouy [&hellip;]","og_url":"https:\/\/www.bricosolutions.fr\/index.php\/demande-de-devis\/","og_site_name":"BricoSolutions","article_modified_time":"2025-03-26T15:27:27+00:00","og_image":[{"url":"https:\/\/www.bricosolutions.fr\/wp-content\/plugins\/wpforms-lite\/assets\/images\/submit-spin.svg","type":"","width":"","height":""}],"twitter_card":"summary_large_image","twitter_misc":{"Dur\u00e9e de lecture estim\u00e9e":"1 minute"},"schema":{"@context":"https:\/\/schema.org","@graph":[{"@type":"WebPage","@id":"https:\/\/www.bricosolutions.fr\/index.php\/demande-de-devis\/","url":"https:\/\/www.bricosolutions.fr\/index.php\/demande-de-devis\/","name":"Demande de devis - BricoSolutions","isPartOf":{"@id":"https:\/\/www.bricosolutions.fr\/#website"},"primaryImageOfPage":{"@id":"https:\/\/www.bricosolutions.fr\/index.php\/demande-de-devis\/#primaryimage"},"image":{"@id":"https:\/\/www.bricosolutions.fr\/index.php\/demande-de-devis\/#primaryimage"},"thumbnailUrl":"https:\/\/www.bricosolutions.fr\/wp-content\/plugins\/wpforms-lite\/assets\/images\/submit-spin.svg","datePublished":"2025-03-06T15:33:23+00:00","dateModified":"2025-03-26T15:27:27+00:00","breadcrumb":{"@id":"https:\/\/www.bricosolutions.fr\/index.php\/demande-de-devis\/#breadcrumb"},"inLanguage":"fr-FR","potentialAction":[{"@type":"ReadAction","target":["https:\/\/www.bricosolutions.fr\/index.php\/demande-de-devis\/"]}]},{"@type":"ImageObject","inLanguage":"fr-FR","@id":"https:\/\/www.bricosolutions.fr\/index.php\/demande-de-devis\/#primaryimage","url":"https:\/\/www.bricosolutions.fr\/wp-content\/plugins\/wpforms-lite\/assets\/images\/submit-spin.svg","contentUrl":"https:\/\/www.bricosolutions.fr\/wp-content\/plugins\/wpforms-lite\/assets\/images\/submit-spin.svg"},{"@type":"BreadcrumbList","@id":"https:\/\/www.bricosolutions.fr\/index.php\/demande-de-devis\/#breadcrumb","itemListElement":[{"@type":"ListItem","position":1,"name":"Accueil","item":"https:\/\/www.bricosolutions.fr\/"},{"@type":"ListItem","position":2,"name":"Demande de devis"}]},{"@type":"WebSite","@id":"https:\/\/www.bricosolutions.fr\/#website","url":"https:\/\/www.bricosolutions.fr\/","name":"BricoSolutions","description":"Services \u00e0 la personne | Bricolage | Jardinage | Assistance informatique | Assistance administrative | Neuville sur Oise, Cergy, Conflans-Sainte-Honorine et environs","publisher":{"@id":"https:\/\/www.bricosolutions.fr\/#organization"},"potentialAction":[{"@type":"SearchAction","target":{"@type":"EntryPoint","urlTemplate":"https:\/\/www.bricosolutions.fr\/?s={search_term_string}"},"query-input":{"@type":"PropertyValueSpecification","valueRequired":true,"valueName":"search_term_string"}}],"inLanguage":"fr-FR"},{"@type":"Organization","@id":"https:\/\/www.bricosolutions.fr\/#organization","name":"BricoSolutions","url":"https:\/\/www.bricosolutions.fr\/","logo":{"@type":"ImageObject","inLanguage":"fr-FR","@id":"https:\/\/www.bricosolutions.fr\/#\/schema\/logo\/image\/","url":"https:\/\/www.bricosolutions.fr\/wp-content\/uploads\/2025\/03\/Logo-BricoSolutions-239-x-149.png","contentUrl":"https:\/\/www.bricosolutions.fr\/wp-content\/uploads\/2025\/03\/Logo-BricoSolutions-239-x-149.png","width":239,"height":149,"caption":"BricoSolutions"},"image":{"@id":"https:\/\/www.bricosolutions.fr\/#\/schema\/logo\/image\/"}}]}},"_links":{"self":[{"href":"https:\/\/www.bricosolutions.fr\/index.php\/wp-json\/wp\/v2\/pages\/149","targetHints":{"allow":["GET"]}}],"collection":[{"href":"https:\/\/www.bricosolutions.fr\/index.php\/wp-json\/wp\/v2\/pages"}],"about":[{"href":"https:\/\/www.bricosolutions.fr\/index.php\/wp-json\/wp\/v2\/types\/page"}],"author":[{"embeddable":true,"href":"https:\/\/www.bricosolutions.fr\/index.php\/wp-json\/wp\/v2\/users\/1"}],"replies":[{"embeddable":true,"href":"https:\/\/www.bricosolutions.fr\/index.php\/wp-json\/wp\/v2\/comments?post=149"}],"version-history":[{"count":10,"href":"https:\/\/www.bricosolutions.fr\/index.php\/wp-json\/wp\/v2\/pages\/149\/revisions"}],"predecessor-version":[{"id":1434,"href":"https:\/\/www.bricosolutions.fr\/index.php\/wp-json\/wp\/v2\/pages\/149\/revisions\/1434"}],"wp:attachment":[{"href":"https:\/\/www.bricosolutions.fr\/index.php\/wp-json\/wp\/v2\/media?parent=149"}],"curies":[{"name":"wp","href":"https:\/\/api.w.org\/{rel}","templated":true}]}}