{"id":18,"date":"2025-03-06T09:49:39","date_gmt":"2025-03-06T08:49:39","guid":{"rendered":"https:\/\/www.bricosolutions.fr\/?page_id=18"},"modified":"2025-03-26T16:29:49","modified_gmt":"2025-03-26T15:29:49","slug":"jardinage","status":"publish","type":"page","link":"https:\/\/www.bricosolutions.fr\/index.php\/jardinage\/","title":{"rendered":"Jardinage"},"content":{"rendered":"\t\t<div data-elementor-type=\"wp-page\" data-elementor-id=\"18\" class=\"elementor elementor-18\">\n\t\t\t\t<div class=\"elementor-element elementor-element-0f5fcb5 e-flex e-con-boxed e-con e-parent\" data-id=\"0f5fcb5\" data-element_type=\"container\" data-e-type=\"container\">\n\t\t\t\t\t<div class=\"e-con-inner\">\n\t\t<div class=\"elementor-element elementor-element-50349fc e-con-full e-flex e-con e-child\" data-id=\"50349fc\" data-element_type=\"container\" data-e-type=\"container\">\n\t\t\t\t<div class=\"elementor-element elementor-element-f6554a0 elementor-widget elementor-widget-heading\" data-id=\"f6554a0\" data-element_type=\"widget\" data-e-type=\"widget\" data-widget_type=\"heading.default\">\n\t\t\t\t<div class=\"elementor-widget-container\">\n\t\t\t\t\t<h2 class=\"elementor-heading-title elementor-size-default\">Jardinage<\/h2>\t\t\t\t<\/div>\n\t\t\t\t<\/div>\n\t\t\t\t<\/div>\n\t\t\t\t<div class=\"elementor-element elementor-element-38d60c3 elementor-widget elementor-widget-text-editor\" data-id=\"38d60c3\" data-element_type=\"widget\" data-e-type=\"widget\" data-widget_type=\"text-editor.default\">\n\t\t\t\t<div class=\"elementor-widget-container\">\n\t\t\t\t\t\t\t\t\t<p>Toute l&rsquo;ann\u00e9e, \u00e0 chaque saison, votre jardin n\u00e9cessite un minimum d&rsquo;entretien. Passion pour les uns, corv\u00e9e pour les autres, le jardinage est souvent un loisir que l&rsquo;on a plus le temps de s&rsquo;accorder&#8230; Pourtant, quoi de plus appr\u00e9ciable que de se d\u00e9tendre dans un beau jardin bien entretenu ?<\/p>\t\t\t\t\t\t\t\t<\/div>\n\t\t\t\t<\/div>\n\t\t\t\t\t<\/div>\n\t\t\t\t<\/div>\n\t\t<div class=\"elementor-element elementor-element-c67a137 e-flex e-con-boxed e-con e-parent\" data-id=\"c67a137\" data-element_type=\"container\" data-e-type=\"container\">\n\t\t\t\t\t<div class=\"e-con-inner\">\n\t\t\t\t<div class=\"elementor-element elementor-element-73ed47e elementor-arrows-position-outside elementor-pagination-position-outside elementor-widget elementor-widget-image-carousel\" data-id=\"73ed47e\" data-element_type=\"widget\" data-e-type=\"widget\" data-settings=\"{&quot;navigation&quot;:&quot;both&quot;,&quot;autoplay&quot;:&quot;yes&quot;,&quot;pause_on_hover&quot;:&quot;yes&quot;,&quot;pause_on_interaction&quot;:&quot;yes&quot;,&quot;autoplay_speed&quot;:5000,&quot;infinite&quot;:&quot;yes&quot;,&quot;speed&quot;:500}\" data-widget_type=\"image-carousel.default\">\n\t\t\t\t<div class=\"elementor-widget-container\">\n\t\t\t\t\t\t\t<div class=\"elementor-image-carousel-wrapper swiper\" role=\"region\" aria-roledescription=\"carousel\" aria-label=\"Carrousel d\u2019images\" dir=\"ltr\">\n\t\t\t<div class=\"elementor-image-carousel swiper-wrapper\" aria-live=\"off\">\n\t\t\t\t\t\t\t\t<div class=\"swiper-slide\" role=\"group\" aria-roledescription=\"slide\" aria-label=\"1 sur 9\"><figure class=\"swiper-slide-inner\"><img decoding=\"async\" class=\"swiper-slide-image\" src=\"https:\/\/www.bricosolutions.fr\/wp-content\/uploads\/2025\/03\/debroussaillage-BricoSolutions-150x150.jpg\" alt=\"D\u00e9broussailer - BricoSolutions\" \/><\/figure><\/div><div class=\"swiper-slide\" role=\"group\" aria-roledescription=\"slide\" aria-label=\"2 sur 9\"><figure class=\"swiper-slide-inner\"><img decoding=\"async\" class=\"swiper-slide-image\" src=\"https:\/\/www.bricosolutions.fr\/wp-content\/uploads\/2025\/03\/nettoyage-terrasses-BricoSolutions-150x150.jpg\" alt=\"Nettoyer une terrasse - BricoSolutions\" \/><\/figure><\/div><div class=\"swiper-slide\" role=\"group\" aria-roledescription=\"slide\" aria-label=\"3 sur 9\"><figure class=\"swiper-slide-inner\"><img decoding=\"async\" class=\"swiper-slide-image\" src=\"https:\/\/www.bricosolutions.fr\/wp-content\/uploads\/2025\/03\/taille-haies-BricoSolutions-150x150.jpg\" alt=\"Tailler des haies - BricoSolutions\" \/><\/figure><\/div><div class=\"swiper-slide\" role=\"group\" aria-roledescription=\"slide\" aria-label=\"4 sur 9\"><figure class=\"swiper-slide-inner\"><img decoding=\"async\" class=\"swiper-slide-image\" src=\"https:\/\/www.bricosolutions.fr\/wp-content\/uploads\/2025\/03\/tonte-pelouse-BricoSolutions-150x150.jpg\" alt=\"Tondre la pelouse - BricoSolutions\" \/><\/figure><\/div><div class=\"swiper-slide\" role=\"group\" aria-roledescription=\"slide\" aria-label=\"5 sur 9\"><figure class=\"swiper-slide-inner\"><img decoding=\"async\" class=\"swiper-slide-image\" src=\"https:\/\/www.bricosolutions.fr\/wp-content\/uploads\/2025\/03\/snow-3146420_640-150x150.jpg\" alt=\"D\u00e9neiger - BricoSolutions\" \/><\/figure><\/div><div class=\"swiper-slide\" role=\"group\" aria-roledescription=\"slide\" aria-label=\"6 sur 9\"><figure class=\"swiper-slide-inner\"><img decoding=\"async\" class=\"swiper-slide-image\" src=\"https:\/\/www.bricosolutions.fr\/wp-content\/uploads\/2025\/03\/Tailler-des-branches-150x150.jpg\" alt=\"Tailler des branches - BricoSolutions\" \/><\/figure><\/div><div class=\"swiper-slide\" role=\"group\" aria-roledescription=\"slide\" aria-label=\"7 sur 9\"><figure class=\"swiper-slide-inner\"><img decoding=\"async\" class=\"swiper-slide-image\" src=\"https:\/\/www.bricosolutions.fr\/wp-content\/uploads\/2025\/03\/Arroser-le-jardin-150x150.jpg\" alt=\"Arroser le jardin - BricoSolutions\" \/><\/figure><\/div><div class=\"swiper-slide\" role=\"group\" aria-roledescription=\"slide\" aria-label=\"8 sur 9\"><figure class=\"swiper-slide-inner\"><img decoding=\"async\" class=\"swiper-slide-image\" src=\"https:\/\/www.bricosolutions.fr\/wp-content\/uploads\/2025\/03\/Ratisser-150x150.jpg\" alt=\"Ratisser les feuilles mortes - BricoSolutions\" \/><\/figure><\/div><div class=\"swiper-slide\" role=\"group\" aria-roledescription=\"slide\" aria-label=\"9 sur 9\"><figure class=\"swiper-slide-inner\"><img decoding=\"async\" class=\"swiper-slide-image\" src=\"https:\/\/www.bricosolutions.fr\/wp-content\/uploads\/2025\/03\/Nettoyage-piscine-150x150.jpg\" alt=\"Nettoyer la piscine - BricoSolutions\" \/><\/figure><\/div>\t\t\t<\/div>\n\t\t\t\t\t\t\t\t\t\t\t\t<div class=\"elementor-swiper-button elementor-swiper-button-prev\" role=\"button\" tabindex=\"0\">\n\t\t\t\t\t\t<svg aria-hidden=\"true\" class=\"e-font-icon-svg e-eicon-chevron-left\" viewBox=\"0 0 1000 1000\" xmlns=\"http:\/\/www.w3.org\/2000\/svg\"><path d=\"M646 125C629 125 613 133 604 142L308 442C296 454 292 471 292 487 292 504 296 521 308 533L604 854C617 867 629 875 646 875 663 875 679 871 692 858 704 846 713 829 713 812 713 796 708 779 692 767L438 487 692 225C700 217 708 204 708 187 708 171 704 154 692 142 675 129 663 125 646 125Z\"><\/path><\/svg>\t\t\t\t\t<\/div>\n\t\t\t\t\t<div class=\"elementor-swiper-button elementor-swiper-button-next\" role=\"button\" tabindex=\"0\">\n\t\t\t\t\t\t<svg aria-hidden=\"true\" class=\"e-font-icon-svg e-eicon-chevron-right\" viewBox=\"0 0 1000 1000\" xmlns=\"http:\/\/www.w3.org\/2000\/svg\"><path d=\"M696 533C708 521 713 504 713 487 713 471 708 454 696 446L400 146C388 133 375 125 354 125 338 125 325 129 313 142 300 154 292 171 292 187 292 204 296 221 308 233L563 492 304 771C292 783 288 800 288 817 288 833 296 850 308 863 321 871 338 875 354 875 371 875 388 867 400 854L696 533Z\"><\/path><\/svg>\t\t\t\t\t<\/div>\n\t\t\t\t\n\t\t\t\t\t\t\t\t\t<div class=\"swiper-pagination\"><\/div>\n\t\t\t\t\t\t\t\t\t<\/div>\n\t\t\t\t\t\t<\/div>\n\t\t\t\t<\/div>\n\t\t\t\t\t<\/div>\n\t\t\t\t<\/div>\n\t\t<div class=\"elementor-element elementor-element-bd11a0a e-grid elementor-hidden-mobile e-con-boxed e-con e-parent\" data-id=\"bd11a0a\" data-element_type=\"container\" data-e-type=\"container\">\n\t\t\t\t\t<div class=\"e-con-inner\">\n\t\t\t\t<div class=\"elementor-element elementor-element-e0bd19c elementor-widget elementor-widget-heading\" data-id=\"e0bd19c\" data-element_type=\"widget\" data-e-type=\"widget\" data-widget_type=\"heading.default\">\n\t\t\t\t<div class=\"elementor-widget-container\">\n\t\t\t\t\t<h3 class=\"elementor-heading-title elementor-size-default\">Entretien du jardin<\/h3>\t\t\t\t<\/div>\n\t\t\t\t<\/div>\n\t\t\t\t<div class=\"elementor-element elementor-element-4372c26 elementor-widget elementor-widget-heading\" data-id=\"4372c26\" data-element_type=\"widget\" data-e-type=\"widget\" data-widget_type=\"heading.default\">\n\t\t\t\t<div class=\"elementor-widget-container\">\n\t\t\t\t\t<h3 class=\"elementor-heading-title elementor-size-default\">Embellissement des ext\u00e9rieurs<\/h3>\t\t\t\t<\/div>\n\t\t\t\t<\/div>\n\t\t\t\t\t<\/div>\n\t\t\t\t<\/div>\n\t\t<div class=\"elementor-element elementor-element-9b5232b e-grid elementor-hidden-mobile e-con-boxed e-con e-parent\" data-id=\"9b5232b\" data-element_type=\"container\" data-e-type=\"container\">\n\t\t\t\t\t<div class=\"e-con-inner\">\n\t\t\t\t<div class=\"elementor-element elementor-element-af49d1d elementor-widget elementor-widget-text-editor\" data-id=\"af49d1d\" data-element_type=\"widget\" data-e-type=\"widget\" data-widget_type=\"text-editor.default\">\n\t\t\t\t<div class=\"elementor-widget-container\">\n\t\t\t\t\t\t\t\t\t<ul>\n<li>D\u00e9sherber une all\u00e9e<\/li>\n<li>D\u00e9broussailler un jardin<\/li>\n<li>Entretenir un massif<\/li>\n<li>L\u2019arrosage manuel des v\u00e9g\u00e9taux<\/li>\n<li>Tailler une haie<\/li>\n<li>Tondre la pelouse<\/li>\n<li>Couper les branches basses<\/li>\n<li>Ramasser les feuilles mortes<\/li>\n<li>Cueillir des fruits et l\u00e9gumes pour la consommation personnelle&nbsp;<\/li>\n<li>\u2026<\/li>\n<\/ul>\t\t\t\t\t\t\t\t<\/div>\n\t\t\t\t<\/div>\n\t\t\t\t<div class=\"elementor-element elementor-element-e014ebe elementor-widget elementor-widget-text-editor\" data-id=\"e014ebe\" data-element_type=\"widget\" data-e-type=\"widget\" data-widget_type=\"text-editor.default\">\n\t\t\t\t<div class=\"elementor-widget-container\">\n\t\t\t\t\t\t\t\t\t<ul><li>Monter un abri de jardin, du mobilier de jardin, un parasol, une balancelle, une armoire ou coffre de jardin<\/li><li>Installer une piscine autoportante ou tubulaire<\/li><li>Retouches de peinture, lasures<\/li><li style=\"font-size: 16px;\">D\u00e9neiger, saler, sabler<\/li><li style=\"font-size: 16px;\">Nettoyer le sol d\u2019une terrasse \u00e0 l\u2019aide d\u2019un nettoyeur \u00e0 haute pression<\/li><li style=\"font-size: 16px;\">Entretenir une cl\u00f4ture, un mobilier ext\u00e9rieur<\/li><li style=\"font-size: 16px;\">Entretenir les abords d\u2019une piscine, un bassin, une pi\u00e8ce d\u2019eau ornementale<\/li><li>&#8230;<\/li><\/ul>\t\t\t\t\t\t\t\t<\/div>\n\t\t\t\t<\/div>\n\t\t\t\t\t<\/div>\n\t\t\t\t<\/div>\n\t\t<div class=\"elementor-element elementor-element-94fba7b elementor-hidden-desktop elementor-hidden-tablet e-flex e-con-boxed e-con e-parent\" data-id=\"94fba7b\" data-element_type=\"container\" data-e-type=\"container\">\n\t\t\t\t\t<div class=\"e-con-inner\">\n\t\t\t\t<div class=\"elementor-element elementor-element-9d3c0a7 elementor-widget elementor-widget-heading\" data-id=\"9d3c0a7\" data-element_type=\"widget\" data-e-type=\"widget\" data-widget_type=\"heading.default\">\n\t\t\t\t<div class=\"elementor-widget-container\">\n\t\t\t\t\t<h3 class=\"elementor-heading-title elementor-size-default\">Entretien du jardin<\/h3>\t\t\t\t<\/div>\n\t\t\t\t<\/div>\n\t\t\t\t\t<\/div>\n\t\t\t\t<\/div>\n\t\t<div class=\"elementor-element elementor-element-0063a5d elementor-hidden-desktop elementor-hidden-tablet e-flex e-con-boxed e-con e-parent\" data-id=\"0063a5d\" data-element_type=\"container\" data-e-type=\"container\">\n\t\t\t\t\t<div class=\"e-con-inner\">\n\t\t\t\t<div class=\"elementor-element elementor-element-265d858 elementor-widget elementor-widget-text-editor\" data-id=\"265d858\" data-element_type=\"widget\" data-e-type=\"widget\" data-widget_type=\"text-editor.default\">\n\t\t\t\t<div class=\"elementor-widget-container\">\n\t\t\t\t\t\t\t\t\t<ul><li>D\u00e9sherber une all\u00e9e<\/li><li>D\u00e9broussailler un jardin<\/li><li>Entretenir un massif<\/li><li>L\u2019arrosage manuel des v\u00e9g\u00e9taux<\/li><li>Tailler une haie<\/li><li>Tondre la pelouse<\/li><li>Couper les branches basses<\/li><li>Ramasser les feuilles mortes<\/li><li>Cueillir des fruits et l\u00e9gumes pour la consommation personnelle\u00a0<\/li><li>\u2026<\/li><\/ul>\t\t\t\t\t\t\t\t<\/div>\n\t\t\t\t<\/div>\n\t\t\t\t\t<\/div>\n\t\t\t\t<\/div>\n\t\t<div class=\"elementor-element elementor-element-15b9777 elementor-hidden-desktop elementor-hidden-tablet e-flex e-con-boxed e-con e-parent\" data-id=\"15b9777\" data-element_type=\"container\" data-e-type=\"container\">\n\t\t\t\t\t<div class=\"e-con-inner\">\n\t\t\t\t<div class=\"elementor-element elementor-element-1c7c43f elementor-widget elementor-widget-heading\" data-id=\"1c7c43f\" data-element_type=\"widget\" data-e-type=\"widget\" data-widget_type=\"heading.default\">\n\t\t\t\t<div class=\"elementor-widget-container\">\n\t\t\t\t\t<h3 class=\"elementor-heading-title elementor-size-default\">Embellissement des ext\u00e9rieurs<\/h3>\t\t\t\t<\/div>\n\t\t\t\t<\/div>\n\t\t\t\t\t<\/div>\n\t\t\t\t<\/div>\n\t\t<div class=\"elementor-element elementor-element-a506a11 elementor-hidden-desktop elementor-hidden-tablet e-flex e-con-boxed e-con e-parent\" data-id=\"a506a11\" data-element_type=\"container\" data-e-type=\"container\">\n\t\t\t\t\t<div class=\"e-con-inner\">\n\t\t\t\t<div class=\"elementor-element elementor-element-953d0d8 elementor-widget elementor-widget-text-editor\" data-id=\"953d0d8\" data-element_type=\"widget\" data-e-type=\"widget\" data-widget_type=\"text-editor.default\">\n\t\t\t\t<div class=\"elementor-widget-container\">\n\t\t\t\t\t\t\t\t\t<ul><li>Monter un abri de jardin, du mobilier de jardin, un parasol, une balancelle, une armoire ou coffre de jardin<\/li><li>Installer une piscine autoportante ou tubulaire<\/li><li>Retouches de peinture, lasures<\/li><li style=\"font-size: 16px;\">D\u00e9neiger, saler, sabler<\/li><li style=\"font-size: 16px;\">Nettoyer le sol d\u2019une terrasse \u00e0 l\u2019aide d\u2019un nettoyeur \u00e0 haute pression<\/li><li style=\"font-size: 16px;\">Entretenir une cl\u00f4ture, un mobilier ext\u00e9rieur<\/li><li style=\"font-size: 16px;\">Entretenir les abords d\u2019une piscine, un bassin, une pi\u00e8ce d\u2019eau ornementale<\/li><li>&#8230;<\/li><\/ul>\t\t\t\t\t\t\t\t<\/div>\n\t\t\t\t<\/div>\n\t\t\t\t\t<\/div>\n\t\t\t\t<\/div>\n\t\t\t\t<\/div>\n\t\t","protected":false},"excerpt":{"rendered":"<p>Jardinage Toute l&rsquo;ann\u00e9e, \u00e0 chaque saison, votre jardin n\u00e9cessite un minimum d&rsquo;entretien. Passion pour les uns, corv\u00e9e pour les autres, le jardinage est souvent un loisir que l&rsquo;on a plus le temps de s&rsquo;accorder&#8230; Pourtant, quoi de plus appr\u00e9ciable que de se d\u00e9tendre dans un beau jardin bien entretenu ? Entretien du jardin Embellissement des [&hellip;]<\/p>\n","protected":false},"author":1,"featured_media":0,"parent":0,"menu_order":0,"comment_status":"closed","ping_status":"closed","template":"","meta":{"_monsterinsights_skip_tracking":false,"_monsterinsights_sitenote_active":false,"_monsterinsights_sitenote_note":"","_monsterinsights_sitenote_category":0,"_uf_show_specific_survey":0,"_uf_disable_surveys":false,"footnotes":""},"class_list":["post-18","page","type-page","status-publish","hentry"],"yoast_head":"<!-- This site is optimized with the Yoast SEO plugin v27.5 - https:\/\/yoast.com\/product\/yoast-seo-wordpress\/ -->\n<title>Jardinage - BricoSolutions<\/title>\n<meta name=\"robots\" content=\"index, follow, max-snippet:-1, max-image-preview:large, max-video-preview:-1\" \/>\n<link rel=\"canonical\" href=\"https:\/\/www.bricosolutions.fr\/index.php\/jardinage\/\" \/>\n<meta property=\"og:locale\" content=\"fr_FR\" \/>\n<meta property=\"og:type\" content=\"article\" \/>\n<meta property=\"og:title\" content=\"Jardinage - BricoSolutions\" \/>\n<meta property=\"og:description\" content=\"Jardinage Toute l&rsquo;ann\u00e9e, \u00e0 chaque saison, votre jardin n\u00e9cessite un minimum d&rsquo;entretien. Passion pour les uns, corv\u00e9e pour les autres, le jardinage est souvent un loisir que l&rsquo;on a plus le temps de s&rsquo;accorder&#8230; Pourtant, quoi de plus appr\u00e9ciable que de se d\u00e9tendre dans un beau jardin bien entretenu ? Entretien du jardin Embellissement des [&hellip;]\" \/>\n<meta property=\"og:url\" content=\"https:\/\/www.bricosolutions.fr\/index.php\/jardinage\/\" \/>\n<meta property=\"og:site_name\" content=\"BricoSolutions\" \/>\n<meta property=\"article:modified_time\" content=\"2025-03-26T15:29:49+00:00\" \/>\n<meta property=\"og:image\" content=\"https:\/\/www.bricosolutions.fr\/wp-content\/uploads\/2025\/03\/debroussaillage-BricoSolutions-150x150.jpg\" \/>\n<meta name=\"twitter:card\" content=\"summary_large_image\" \/>\n<meta name=\"twitter:label1\" content=\"Dur\u00e9e de lecture estim\u00e9e\" \/>\n\t<meta name=\"twitter:data1\" content=\"4 minutes\" \/>\n<script type=\"application\/ld+json\" class=\"yoast-schema-graph\">{\"@context\":\"https:\\\/\\\/schema.org\",\"@graph\":[{\"@type\":\"WebPage\",\"@id\":\"https:\\\/\\\/www.bricosolutions.fr\\\/index.php\\\/jardinage\\\/\",\"url\":\"https:\\\/\\\/www.bricosolutions.fr\\\/index.php\\\/jardinage\\\/\",\"name\":\"Jardinage - BricoSolutions\",\"isPartOf\":{\"@id\":\"https:\\\/\\\/www.bricosolutions.fr\\\/#website\"},\"primaryImageOfPage\":{\"@id\":\"https:\\\/\\\/www.bricosolutions.fr\\\/index.php\\\/jardinage\\\/#primaryimage\"},\"image\":{\"@id\":\"https:\\\/\\\/www.bricosolutions.fr\\\/index.php\\\/jardinage\\\/#primaryimage\"},\"thumbnailUrl\":\"https:\\\/\\\/www.bricosolutions.fr\\\/wp-content\\\/uploads\\\/2025\\\/03\\\/debroussaillage-BricoSolutions-150x150.jpg\",\"datePublished\":\"2025-03-06T08:49:39+00:00\",\"dateModified\":\"2025-03-26T15:29:49+00:00\",\"breadcrumb\":{\"@id\":\"https:\\\/\\\/www.bricosolutions.fr\\\/index.php\\\/jardinage\\\/#breadcrumb\"},\"inLanguage\":\"fr-FR\",\"potentialAction\":[{\"@type\":\"ReadAction\",\"target\":[\"https:\\\/\\\/www.bricosolutions.fr\\\/index.php\\\/jardinage\\\/\"]}]},{\"@type\":\"ImageObject\",\"inLanguage\":\"fr-FR\",\"@id\":\"https:\\\/\\\/www.bricosolutions.fr\\\/index.php\\\/jardinage\\\/#primaryimage\",\"url\":\"https:\\\/\\\/www.bricosolutions.fr\\\/wp-content\\\/uploads\\\/2025\\\/03\\\/debroussaillage-BricoSolutions.jpg\",\"contentUrl\":\"https:\\\/\\\/www.bricosolutions.fr\\\/wp-content\\\/uploads\\\/2025\\\/03\\\/debroussaillage-BricoSolutions.jpg\",\"width\":370,\"height\":281,\"caption\":\"D\u00e9broussailer - BricoSolutions\"},{\"@type\":\"BreadcrumbList\",\"@id\":\"https:\\\/\\\/www.bricosolutions.fr\\\/index.php\\\/jardinage\\\/#breadcrumb\",\"itemListElement\":[{\"@type\":\"ListItem\",\"position\":1,\"name\":\"Accueil\",\"item\":\"https:\\\/\\\/www.bricosolutions.fr\\\/\"},{\"@type\":\"ListItem\",\"position\":2,\"name\":\"Jardinage\"}]},{\"@type\":\"WebSite\",\"@id\":\"https:\\\/\\\/www.bricosolutions.fr\\\/#website\",\"url\":\"https:\\\/\\\/www.bricosolutions.fr\\\/\",\"name\":\"BricoSolutions\",\"description\":\"Services \u00e0 la personne | Bricolage | Jardinage | Assistance informatique | Assistance administrative | Neuville sur Oise, Cergy, Conflans-Sainte-Honorine et environs\",\"publisher\":{\"@id\":\"https:\\\/\\\/www.bricosolutions.fr\\\/#organization\"},\"potentialAction\":[{\"@type\":\"SearchAction\",\"target\":{\"@type\":\"EntryPoint\",\"urlTemplate\":\"https:\\\/\\\/www.bricosolutions.fr\\\/?s={search_term_string}\"},\"query-input\":{\"@type\":\"PropertyValueSpecification\",\"valueRequired\":true,\"valueName\":\"search_term_string\"}}],\"inLanguage\":\"fr-FR\"},{\"@type\":\"Organization\",\"@id\":\"https:\\\/\\\/www.bricosolutions.fr\\\/#organization\",\"name\":\"BricoSolutions\",\"url\":\"https:\\\/\\\/www.bricosolutions.fr\\\/\",\"logo\":{\"@type\":\"ImageObject\",\"inLanguage\":\"fr-FR\",\"@id\":\"https:\\\/\\\/www.bricosolutions.fr\\\/#\\\/schema\\\/logo\\\/image\\\/\",\"url\":\"https:\\\/\\\/www.bricosolutions.fr\\\/wp-content\\\/uploads\\\/2025\\\/03\\\/Logo-BricoSolutions-239-x-149.png\",\"contentUrl\":\"https:\\\/\\\/www.bricosolutions.fr\\\/wp-content\\\/uploads\\\/2025\\\/03\\\/Logo-BricoSolutions-239-x-149.png\",\"width\":239,\"height\":149,\"caption\":\"BricoSolutions\"},\"image\":{\"@id\":\"https:\\\/\\\/www.bricosolutions.fr\\\/#\\\/schema\\\/logo\\\/image\\\/\"}}]}<\/script>\n<!-- \/ Yoast SEO plugin. -->","yoast_head_json":{"title":"Jardinage - BricoSolutions","robots":{"index":"index","follow":"follow","max-snippet":"max-snippet:-1","max-image-preview":"max-image-preview:large","max-video-preview":"max-video-preview:-1"},"canonical":"https:\/\/www.bricosolutions.fr\/index.php\/jardinage\/","og_locale":"fr_FR","og_type":"article","og_title":"Jardinage - BricoSolutions","og_description":"Jardinage Toute l&rsquo;ann\u00e9e, \u00e0 chaque saison, votre jardin n\u00e9cessite un minimum d&rsquo;entretien. Passion pour les uns, corv\u00e9e pour les autres, le jardinage est souvent un loisir que l&rsquo;on a plus le temps de s&rsquo;accorder&#8230; Pourtant, quoi de plus appr\u00e9ciable que de se d\u00e9tendre dans un beau jardin bien entretenu ? Entretien du jardin Embellissement des [&hellip;]","og_url":"https:\/\/www.bricosolutions.fr\/index.php\/jardinage\/","og_site_name":"BricoSolutions","article_modified_time":"2025-03-26T15:29:49+00:00","og_image":[{"url":"https:\/\/www.bricosolutions.fr\/wp-content\/uploads\/2025\/03\/debroussaillage-BricoSolutions-150x150.jpg","type":"","width":"","height":""}],"twitter_card":"summary_large_image","twitter_misc":{"Dur\u00e9e de lecture estim\u00e9e":"4 minutes"},"schema":{"@context":"https:\/\/schema.org","@graph":[{"@type":"WebPage","@id":"https:\/\/www.bricosolutions.fr\/index.php\/jardinage\/","url":"https:\/\/www.bricosolutions.fr\/index.php\/jardinage\/","name":"Jardinage - BricoSolutions","isPartOf":{"@id":"https:\/\/www.bricosolutions.fr\/#website"},"primaryImageOfPage":{"@id":"https:\/\/www.bricosolutions.fr\/index.php\/jardinage\/#primaryimage"},"image":{"@id":"https:\/\/www.bricosolutions.fr\/index.php\/jardinage\/#primaryimage"},"thumbnailUrl":"https:\/\/www.bricosolutions.fr\/wp-content\/uploads\/2025\/03\/debroussaillage-BricoSolutions-150x150.jpg","datePublished":"2025-03-06T08:49:39+00:00","dateModified":"2025-03-26T15:29:49+00:00","breadcrumb":{"@id":"https:\/\/www.bricosolutions.fr\/index.php\/jardinage\/#breadcrumb"},"inLanguage":"fr-FR","potentialAction":[{"@type":"ReadAction","target":["https:\/\/www.bricosolutions.fr\/index.php\/jardinage\/"]}]},{"@type":"ImageObject","inLanguage":"fr-FR","@id":"https:\/\/www.bricosolutions.fr\/index.php\/jardinage\/#primaryimage","url":"https:\/\/www.bricosolutions.fr\/wp-content\/uploads\/2025\/03\/debroussaillage-BricoSolutions.jpg","contentUrl":"https:\/\/www.bricosolutions.fr\/wp-content\/uploads\/2025\/03\/debroussaillage-BricoSolutions.jpg","width":370,"height":281,"caption":"D\u00e9broussailer - BricoSolutions"},{"@type":"BreadcrumbList","@id":"https:\/\/www.bricosolutions.fr\/index.php\/jardinage\/#breadcrumb","itemListElement":[{"@type":"ListItem","position":1,"name":"Accueil","item":"https:\/\/www.bricosolutions.fr\/"},{"@type":"ListItem","position":2,"name":"Jardinage"}]},{"@type":"WebSite","@id":"https:\/\/www.bricosolutions.fr\/#website","url":"https:\/\/www.bricosolutions.fr\/","name":"BricoSolutions","description":"Services \u00e0 la personne | Bricolage | Jardinage | Assistance informatique | Assistance administrative | Neuville sur Oise, Cergy, Conflans-Sainte-Honorine et environs","publisher":{"@id":"https:\/\/www.bricosolutions.fr\/#organization"},"potentialAction":[{"@type":"SearchAction","target":{"@type":"EntryPoint","urlTemplate":"https:\/\/www.bricosolutions.fr\/?s={search_term_string}"},"query-input":{"@type":"PropertyValueSpecification","valueRequired":true,"valueName":"search_term_string"}}],"inLanguage":"fr-FR"},{"@type":"Organization","@id":"https:\/\/www.bricosolutions.fr\/#organization","name":"BricoSolutions","url":"https:\/\/www.bricosolutions.fr\/","logo":{"@type":"ImageObject","inLanguage":"fr-FR","@id":"https:\/\/www.bricosolutions.fr\/#\/schema\/logo\/image\/","url":"https:\/\/www.bricosolutions.fr\/wp-content\/uploads\/2025\/03\/Logo-BricoSolutions-239-x-149.png","contentUrl":"https:\/\/www.bricosolutions.fr\/wp-content\/uploads\/2025\/03\/Logo-BricoSolutions-239-x-149.png","width":239,"height":149,"caption":"BricoSolutions"},"image":{"@id":"https:\/\/www.bricosolutions.fr\/#\/schema\/logo\/image\/"}}]}},"_links":{"self":[{"href":"https:\/\/www.bricosolutions.fr\/index.php\/wp-json\/wp\/v2\/pages\/18","targetHints":{"allow":["GET"]}}],"collection":[{"href":"https:\/\/www.bricosolutions.fr\/index.php\/wp-json\/wp\/v2\/pages"}],"about":[{"href":"https:\/\/www.bricosolutions.fr\/index.php\/wp-json\/wp\/v2\/types\/page"}],"author":[{"embeddable":true,"href":"https:\/\/www.bricosolutions.fr\/index.php\/wp-json\/wp\/v2\/users\/1"}],"replies":[{"embeddable":true,"href":"https:\/\/www.bricosolutions.fr\/index.php\/wp-json\/wp\/v2\/comments?post=18"}],"version-history":[{"count":46,"href":"https:\/\/www.bricosolutions.fr\/index.php\/wp-json\/wp\/v2\/pages\/18\/revisions"}],"predecessor-version":[{"id":1442,"href":"https:\/\/www.bricosolutions.fr\/index.php\/wp-json\/wp\/v2\/pages\/18\/revisions\/1442"}],"wp:attachment":[{"href":"https:\/\/www.bricosolutions.fr\/index.php\/wp-json\/wp\/v2\/media?parent=18"}],"curies":[{"name":"wp","href":"https:\/\/api.w.org\/{rel}","templated":true}]}}