{"id":22,"date":"2025-03-06T09:50:33","date_gmt":"2025-03-06T08:50:33","guid":{"rendered":"https:\/\/www.bricosolutions.fr\/?page_id=22"},"modified":"2025-03-26T16:22:31","modified_gmt":"2025-03-26T15:22:31","slug":"assistance-administrative","status":"publish","type":"page","link":"https:\/\/www.bricosolutions.fr\/index.php\/assistance-administrative\/","title":{"rendered":"Assistance administrative"},"content":{"rendered":"\t\t<div data-elementor-type=\"wp-page\" data-elementor-id=\"22\" class=\"elementor elementor-22\">\n\t\t\t\t<div class=\"elementor-element elementor-element-8c80bfc e-flex e-con-boxed e-con e-parent\" data-id=\"8c80bfc\" data-element_type=\"container\" data-e-type=\"container\">\n\t\t\t\t\t<div class=\"e-con-inner\">\n\t\t<div class=\"elementor-element elementor-element-3bac650 e-flex e-con-boxed e-con e-child\" data-id=\"3bac650\" data-element_type=\"container\" data-e-type=\"container\">\n\t\t\t\t\t<div class=\"e-con-inner\">\n\t\t\t\t<div class=\"elementor-element elementor-element-25d0144 elementor-widget elementor-widget-heading\" data-id=\"25d0144\" data-element_type=\"widget\" data-e-type=\"widget\" data-widget_type=\"heading.default\">\n\t\t\t\t<div class=\"elementor-widget-container\">\n\t\t\t\t\t<h2 class=\"elementor-heading-title elementor-size-default\">Assistance administrative<\/h2>\t\t\t\t<\/div>\n\t\t\t\t<\/div>\n\t\t\t\t\t<\/div>\n\t\t\t\t<\/div>\n\t\t\t\t<div class=\"elementor-element elementor-element-f56622b elementor-widget elementor-widget-text-editor\" data-id=\"f56622b\" data-element_type=\"widget\" data-e-type=\"widget\" data-widget_type=\"text-editor.default\">\n\t\t\t\t<div class=\"elementor-widget-container\">\n\t\t\t\t\t\t\t\t\t<p>Simplifiez votre quotidien gr\u00e2ce \u00e0 mon accompagnement administratif.<\/p><p>R\u00e9daction de courriers, gestion des factures, attestations, devis, liaison avec l&rsquo;administration fiscale: autant de t\u00e2ches parfois complexes pour lesquelles je peux vous apporter mon soutien.<\/p>\t\t\t\t\t\t\t\t<\/div>\n\t\t\t\t<\/div>\n\t\t\t\t\t<\/div>\n\t\t\t\t<\/div>\n\t\t<div class=\"elementor-element elementor-element-8627652 e-flex e-con-boxed e-con e-parent\" data-id=\"8627652\" data-element_type=\"container\" data-e-type=\"container\">\n\t\t\t\t\t<div class=\"e-con-inner\">\n\t\t\t\t<div class=\"elementor-element elementor-element-93eabbe elementor-arrows-position-outside elementor-pagination-position-outside elementor-widget elementor-widget-image-carousel\" data-id=\"93eabbe\" data-element_type=\"widget\" data-e-type=\"widget\" data-settings=\"{&quot;navigation&quot;:&quot;both&quot;,&quot;autoplay&quot;:&quot;yes&quot;,&quot;pause_on_hover&quot;:&quot;yes&quot;,&quot;pause_on_interaction&quot;:&quot;yes&quot;,&quot;autoplay_speed&quot;:5000,&quot;infinite&quot;:&quot;yes&quot;,&quot;speed&quot;:500}\" data-widget_type=\"image-carousel.default\">\n\t\t\t\t<div class=\"elementor-widget-container\">\n\t\t\t\t\t\t\t<div class=\"elementor-image-carousel-wrapper swiper\" role=\"region\" aria-roledescription=\"carousel\" aria-label=\"Carrousel assistance administrative\" dir=\"ltr\">\n\t\t\t<div class=\"elementor-image-carousel swiper-wrapper\" aria-live=\"off\">\n\t\t\t\t\t\t\t\t<div class=\"swiper-slide\" role=\"group\" aria-roledescription=\"slide\" aria-label=\"1 sur 6\"><figure class=\"swiper-slide-inner\"><img decoding=\"async\" class=\"swiper-slide-image\" src=\"https:\/\/www.bricosolutions.fr\/wp-content\/uploads\/2025\/03\/Redaction-150x150.jpg\" alt=\"R\u00e9daction - BricoSolutions\" \/><\/figure><\/div><div class=\"swiper-slide\" role=\"group\" aria-roledescription=\"slide\" aria-label=\"2 sur 6\"><figure class=\"swiper-slide-inner\"><img decoding=\"async\" class=\"swiper-slide-image\" src=\"https:\/\/www.bricosolutions.fr\/wp-content\/uploads\/2025\/03\/Classeurs-150x150.jpg\" alt=\"Classeurs\" \/><\/figure><\/div><div class=\"swiper-slide\" role=\"group\" aria-roledescription=\"slide\" aria-label=\"3 sur 6\"><figure class=\"swiper-slide-inner\"><img decoding=\"async\" class=\"swiper-slide-image\" src=\"https:\/\/www.bricosolutions.fr\/wp-content\/uploads\/2025\/03\/Communication-150x150.jpg\" alt=\"Communication - BricoSolutions\" \/><\/figure><\/div><div class=\"swiper-slide\" role=\"group\" aria-roledescription=\"slide\" aria-label=\"4 sur 6\"><figure class=\"swiper-slide-inner\"><img decoding=\"async\" class=\"swiper-slide-image\" src=\"https:\/\/www.bricosolutions.fr\/wp-content\/uploads\/2025\/03\/Agrafeuse-150x150.jpg\" alt=\"Agrafeuse - BricoSolutions\" \/><\/figure><\/div><div class=\"swiper-slide\" role=\"group\" aria-roledescription=\"slide\" aria-label=\"5 sur 6\"><figure class=\"swiper-slide-inner\"><img decoding=\"async\" class=\"swiper-slide-image\" src=\"https:\/\/www.bricosolutions.fr\/wp-content\/uploads\/2025\/03\/Gestion-1-150x150.jpg\" alt=\"Gestion - BricoSolutions\" \/><\/figure><\/div><div class=\"swiper-slide\" role=\"group\" aria-roledescription=\"slide\" aria-label=\"6 sur 6\"><figure class=\"swiper-slide-inner\"><img decoding=\"async\" class=\"swiper-slide-image\" src=\"https:\/\/www.bricosolutions.fr\/wp-content\/uploads\/2025\/03\/Communication-1-150x150.jpg\" alt=\"Communication - BricoSolutions\" \/><\/figure><\/div>\t\t\t<\/div>\n\t\t\t\t\t\t\t\t\t\t\t\t<div class=\"elementor-swiper-button elementor-swiper-button-prev\" role=\"button\" tabindex=\"0\">\n\t\t\t\t\t\t<svg aria-hidden=\"true\" class=\"e-font-icon-svg e-eicon-chevron-left\" viewBox=\"0 0 1000 1000\" xmlns=\"http:\/\/www.w3.org\/2000\/svg\"><path d=\"M646 125C629 125 613 133 604 142L308 442C296 454 292 471 292 487 292 504 296 521 308 533L604 854C617 867 629 875 646 875 663 875 679 871 692 858 704 846 713 829 713 812 713 796 708 779 692 767L438 487 692 225C700 217 708 204 708 187 708 171 704 154 692 142 675 129 663 125 646 125Z\"><\/path><\/svg>\t\t\t\t\t<\/div>\n\t\t\t\t\t<div class=\"elementor-swiper-button elementor-swiper-button-next\" role=\"button\" tabindex=\"0\">\n\t\t\t\t\t\t<svg aria-hidden=\"true\" class=\"e-font-icon-svg e-eicon-chevron-right\" viewBox=\"0 0 1000 1000\" xmlns=\"http:\/\/www.w3.org\/2000\/svg\"><path d=\"M696 533C708 521 713 504 713 487 713 471 708 454 696 446L400 146C388 133 375 125 354 125 338 125 325 129 313 142 300 154 292 171 292 187 292 204 296 221 308 233L563 492 304 771C292 783 288 800 288 817 288 833 296 850 308 863 321 871 338 875 354 875 371 875 388 867 400 854L696 533Z\"><\/path><\/svg>\t\t\t\t\t<\/div>\n\t\t\t\t\n\t\t\t\t\t\t\t\t\t<div class=\"swiper-pagination\"><\/div>\n\t\t\t\t\t\t\t\t\t<\/div>\n\t\t\t\t\t\t<\/div>\n\t\t\t\t<\/div>\n\t\t\t\t\t<\/div>\n\t\t\t\t<\/div>\n\t\t<div class=\"elementor-element elementor-element-3d26c12 e-grid elementor-hidden-mobile e-con-boxed e-con e-parent\" data-id=\"3d26c12\" data-element_type=\"container\" data-e-type=\"container\">\n\t\t\t\t\t<div class=\"e-con-inner\">\n\t\t\t\t<div class=\"elementor-element elementor-element-5e7c794 elementor-widget elementor-widget-heading\" data-id=\"5e7c794\" data-element_type=\"widget\" data-e-type=\"widget\" data-widget_type=\"heading.default\">\n\t\t\t\t<div class=\"elementor-widget-container\">\n\t\t\t\t\t<h3 class=\"elementor-heading-title elementor-size-default\">Gestion du quotidien<\/h3>\t\t\t\t<\/div>\n\t\t\t\t<\/div>\n\t\t\t\t<div class=\"elementor-element elementor-element-6063112 elementor-widget elementor-widget-heading\" data-id=\"6063112\" data-element_type=\"widget\" data-e-type=\"widget\" data-widget_type=\"heading.default\">\n\t\t\t\t<div class=\"elementor-widget-container\">\n\t\t\t\t\t<h3 class=\"elementor-heading-title elementor-size-default\">D\u00e9clarations et attestations<\/h3>\t\t\t\t<\/div>\n\t\t\t\t<\/div>\n\t\t\t\t\t<\/div>\n\t\t\t\t<\/div>\n\t\t<div class=\"elementor-element elementor-element-f0fe7ee e-grid elementor-hidden-mobile e-con-boxed e-con e-parent\" data-id=\"f0fe7ee\" data-element_type=\"container\" data-e-type=\"container\">\n\t\t\t\t\t<div class=\"e-con-inner\">\n\t\t\t\t<div class=\"elementor-element elementor-element-c770d7d elementor-widget elementor-widget-text-editor\" data-id=\"c770d7d\" data-element_type=\"widget\" data-e-type=\"widget\" data-widget_type=\"text-editor.default\">\n\t\t\t\t<div class=\"elementor-widget-container\">\n\t\t\t\t\t\t\t\t\t<ul><li>R\u00e9daction de courriers<\/li><li>Gestion des factures<\/li><li>Relation avec les fournisseurs<\/li><li>&#8230;<\/li><\/ul>\t\t\t\t\t\t\t\t<\/div>\n\t\t\t\t<\/div>\n\t\t\t\t<div class=\"elementor-element elementor-element-3662b2a elementor-widget elementor-widget-text-editor\" data-id=\"3662b2a\" data-element_type=\"widget\" data-e-type=\"widget\" data-widget_type=\"text-editor.default\">\n\t\t\t\t<div class=\"elementor-widget-container\">\n\t\t\t\t\t\t\t\t\t<ul><li>Aide administrative pour la d\u00e9claration de revenus<\/li><li>Obtention d&rsquo;attestations<\/li><li>Aides sociales<\/li><li>&#8230;<\/li><\/ul>\t\t\t\t\t\t\t\t<\/div>\n\t\t\t\t<\/div>\n\t\t\t\t\t<\/div>\n\t\t\t\t<\/div>\n\t\t<div class=\"elementor-element elementor-element-7abd408 elementor-hidden-desktop elementor-hidden-tablet e-flex e-con-boxed e-con e-parent\" data-id=\"7abd408\" data-element_type=\"container\" data-e-type=\"container\">\n\t\t\t\t\t<div class=\"e-con-inner\">\n\t\t\t\t<div class=\"elementor-element elementor-element-353cd0a elementor-widget elementor-widget-heading\" data-id=\"353cd0a\" data-element_type=\"widget\" data-e-type=\"widget\" data-widget_type=\"heading.default\">\n\t\t\t\t<div class=\"elementor-widget-container\">\n\t\t\t\t\t<h3 class=\"elementor-heading-title elementor-size-default\">Gestion du quotidien<\/h3>\t\t\t\t<\/div>\n\t\t\t\t<\/div>\n\t\t\t\t\t<\/div>\n\t\t\t\t<\/div>\n\t\t<div class=\"elementor-element elementor-element-8396725 elementor-hidden-desktop elementor-hidden-tablet e-flex e-con-boxed e-con e-parent\" data-id=\"8396725\" data-element_type=\"container\" data-e-type=\"container\">\n\t\t\t\t\t<div class=\"e-con-inner\">\n\t\t\t\t<div class=\"elementor-element elementor-element-b0c2c39 elementor-widget elementor-widget-text-editor\" data-id=\"b0c2c39\" data-element_type=\"widget\" data-e-type=\"widget\" data-widget_type=\"text-editor.default\">\n\t\t\t\t<div class=\"elementor-widget-container\">\n\t\t\t\t\t\t\t\t\t<ul><li>R\u00e9daction de courriers<\/li><li>Gestion des factures<\/li><li>Relation avec les fournisseurs<\/li><li>&#8230;<\/li><\/ul>\t\t\t\t\t\t\t\t<\/div>\n\t\t\t\t<\/div>\n\t\t\t\t\t<\/div>\n\t\t\t\t<\/div>\n\t\t<div class=\"elementor-element elementor-element-bd7c8d2 elementor-hidden-desktop elementor-hidden-tablet e-flex e-con-boxed e-con e-parent\" data-id=\"bd7c8d2\" data-element_type=\"container\" data-e-type=\"container\">\n\t\t\t\t\t<div class=\"e-con-inner\">\n\t\t\t\t<div class=\"elementor-element elementor-element-5efb0ca elementor-widget elementor-widget-heading\" data-id=\"5efb0ca\" data-element_type=\"widget\" data-e-type=\"widget\" data-widget_type=\"heading.default\">\n\t\t\t\t<div class=\"elementor-widget-container\">\n\t\t\t\t\t<h3 class=\"elementor-heading-title elementor-size-default\">D\u00e9clarations et attestations<\/h3>\t\t\t\t<\/div>\n\t\t\t\t<\/div>\n\t\t\t\t\t<\/div>\n\t\t\t\t<\/div>\n\t\t<div class=\"elementor-element elementor-element-741e2f3 elementor-hidden-desktop elementor-hidden-tablet e-flex e-con-boxed e-con e-parent\" data-id=\"741e2f3\" data-element_type=\"container\" data-e-type=\"container\">\n\t\t\t\t\t<div class=\"e-con-inner\">\n\t\t\t\t<div class=\"elementor-element elementor-element-185cf39 elementor-widget elementor-widget-text-editor\" data-id=\"185cf39\" data-element_type=\"widget\" data-e-type=\"widget\" data-widget_type=\"text-editor.default\">\n\t\t\t\t<div class=\"elementor-widget-container\">\n\t\t\t\t\t\t\t\t\t<ul><li>Aide administrative pour la d\u00e9claration de revenus<\/li><li>Obtention d&rsquo;attestations<\/li><li>Aides sociales<\/li><li>&#8230;<\/li><\/ul>\t\t\t\t\t\t\t\t<\/div>\n\t\t\t\t<\/div>\n\t\t\t\t\t<\/div>\n\t\t\t\t<\/div>\n\t\t\t\t<\/div>\n\t\t","protected":false},"excerpt":{"rendered":"<p>Assistance administrative Simplifiez votre quotidien gr\u00e2ce \u00e0 mon accompagnement administratif. R\u00e9daction de courriers, gestion des factures, attestations, devis, liaison avec l&rsquo;administration fiscale: autant de t\u00e2ches parfois complexes pour lesquelles je peux vous apporter mon soutien. Gestion du quotidien D\u00e9clarations et attestations R\u00e9daction de courriers Gestion des factures Relation avec les fournisseurs &#8230; Aide administrative pour [&hellip;]<\/p>\n","protected":false},"author":1,"featured_media":0,"parent":0,"menu_order":0,"comment_status":"closed","ping_status":"closed","template":"","meta":{"_monsterinsights_skip_tracking":false,"_monsterinsights_sitenote_active":false,"_monsterinsights_sitenote_note":"","_monsterinsights_sitenote_category":0,"_uf_show_specific_survey":0,"_uf_disable_surveys":false,"footnotes":""},"class_list":["post-22","page","type-page","status-publish","hentry"],"yoast_head":"<!-- This site is optimized with the Yoast SEO plugin v27.5 - https:\/\/yoast.com\/product\/yoast-seo-wordpress\/ -->\n<title>Assistance administrative - BricoSolutions<\/title>\n<meta name=\"description\" content=\"Brico solutions vous accompagne dans la gestion courante de vos t\u00e2ches administratives.\" \/>\n<meta name=\"robots\" content=\"index, follow, max-snippet:-1, max-image-preview:large, max-video-preview:-1\" \/>\n<link rel=\"canonical\" href=\"https:\/\/www.bricosolutions.fr\/index.php\/assistance-administrative\/\" \/>\n<meta property=\"og:locale\" content=\"fr_FR\" \/>\n<meta property=\"og:type\" content=\"article\" \/>\n<meta property=\"og:title\" content=\"Assistance administrative - BricoSolutions\" \/>\n<meta property=\"og:description\" content=\"Brico solutions vous accompagne dans la gestion courante de vos t\u00e2ches administratives.\" \/>\n<meta property=\"og:url\" content=\"https:\/\/www.bricosolutions.fr\/index.php\/assistance-administrative\/\" \/>\n<meta property=\"og:site_name\" content=\"BricoSolutions\" \/>\n<meta property=\"article:modified_time\" content=\"2025-03-26T15:22:31+00:00\" \/>\n<meta property=\"og:image\" content=\"https:\/\/www.bricosolutions.fr\/wp-content\/uploads\/2025\/03\/Redaction-150x150.jpg\" \/>\n<meta name=\"twitter:card\" content=\"summary_large_image\" \/>\n<meta name=\"twitter:label1\" content=\"Dur\u00e9e de lecture estim\u00e9e\" \/>\n\t<meta name=\"twitter:data1\" content=\"3 minutes\" \/>\n<script type=\"application\/ld+json\" class=\"yoast-schema-graph\">{\"@context\":\"https:\\\/\\\/schema.org\",\"@graph\":[{\"@type\":\"WebPage\",\"@id\":\"https:\\\/\\\/www.bricosolutions.fr\\\/index.php\\\/assistance-administrative\\\/\",\"url\":\"https:\\\/\\\/www.bricosolutions.fr\\\/index.php\\\/assistance-administrative\\\/\",\"name\":\"Assistance administrative - BricoSolutions\",\"isPartOf\":{\"@id\":\"https:\\\/\\\/www.bricosolutions.fr\\\/#website\"},\"primaryImageOfPage\":{\"@id\":\"https:\\\/\\\/www.bricosolutions.fr\\\/index.php\\\/assistance-administrative\\\/#primaryimage\"},\"image\":{\"@id\":\"https:\\\/\\\/www.bricosolutions.fr\\\/index.php\\\/assistance-administrative\\\/#primaryimage\"},\"thumbnailUrl\":\"https:\\\/\\\/www.bricosolutions.fr\\\/wp-content\\\/uploads\\\/2025\\\/03\\\/Redaction-150x150.jpg\",\"datePublished\":\"2025-03-06T08:50:33+00:00\",\"dateModified\":\"2025-03-26T15:22:31+00:00\",\"description\":\"Brico solutions vous accompagne dans la gestion courante de vos t\u00e2ches administratives.\",\"breadcrumb\":{\"@id\":\"https:\\\/\\\/www.bricosolutions.fr\\\/index.php\\\/assistance-administrative\\\/#breadcrumb\"},\"inLanguage\":\"fr-FR\",\"potentialAction\":[{\"@type\":\"ReadAction\",\"target\":[\"https:\\\/\\\/www.bricosolutions.fr\\\/index.php\\\/assistance-administrative\\\/\"]}]},{\"@type\":\"ImageObject\",\"inLanguage\":\"fr-FR\",\"@id\":\"https:\\\/\\\/www.bricosolutions.fr\\\/index.php\\\/assistance-administrative\\\/#primaryimage\",\"url\":\"https:\\\/\\\/www.bricosolutions.fr\\\/wp-content\\\/uploads\\\/2025\\\/03\\\/Redaction.jpg\",\"contentUrl\":\"https:\\\/\\\/www.bricosolutions.fr\\\/wp-content\\\/uploads\\\/2025\\\/03\\\/Redaction.jpg\",\"width\":405,\"height\":270,\"caption\":\"R\u00e9daction - BricoSolutions\"},{\"@type\":\"BreadcrumbList\",\"@id\":\"https:\\\/\\\/www.bricosolutions.fr\\\/index.php\\\/assistance-administrative\\\/#breadcrumb\",\"itemListElement\":[{\"@type\":\"ListItem\",\"position\":1,\"name\":\"Accueil\",\"item\":\"https:\\\/\\\/www.bricosolutions.fr\\\/\"},{\"@type\":\"ListItem\",\"position\":2,\"name\":\"Assistance administrative\"}]},{\"@type\":\"WebSite\",\"@id\":\"https:\\\/\\\/www.bricosolutions.fr\\\/#website\",\"url\":\"https:\\\/\\\/www.bricosolutions.fr\\\/\",\"name\":\"BricoSolutions\",\"description\":\"Services \u00e0 la personne | Bricolage | Jardinage | Assistance informatique | Assistance administrative | Neuville sur Oise, Cergy, Conflans-Sainte-Honorine et environs\",\"publisher\":{\"@id\":\"https:\\\/\\\/www.bricosolutions.fr\\\/#organization\"},\"potentialAction\":[{\"@type\":\"SearchAction\",\"target\":{\"@type\":\"EntryPoint\",\"urlTemplate\":\"https:\\\/\\\/www.bricosolutions.fr\\\/?s={search_term_string}\"},\"query-input\":{\"@type\":\"PropertyValueSpecification\",\"valueRequired\":true,\"valueName\":\"search_term_string\"}}],\"inLanguage\":\"fr-FR\"},{\"@type\":\"Organization\",\"@id\":\"https:\\\/\\\/www.bricosolutions.fr\\\/#organization\",\"name\":\"BricoSolutions\",\"url\":\"https:\\\/\\\/www.bricosolutions.fr\\\/\",\"logo\":{\"@type\":\"ImageObject\",\"inLanguage\":\"fr-FR\",\"@id\":\"https:\\\/\\\/www.bricosolutions.fr\\\/#\\\/schema\\\/logo\\\/image\\\/\",\"url\":\"https:\\\/\\\/www.bricosolutions.fr\\\/wp-content\\\/uploads\\\/2025\\\/03\\\/Logo-BricoSolutions-239-x-149.png\",\"contentUrl\":\"https:\\\/\\\/www.bricosolutions.fr\\\/wp-content\\\/uploads\\\/2025\\\/03\\\/Logo-BricoSolutions-239-x-149.png\",\"width\":239,\"height\":149,\"caption\":\"BricoSolutions\"},\"image\":{\"@id\":\"https:\\\/\\\/www.bricosolutions.fr\\\/#\\\/schema\\\/logo\\\/image\\\/\"}}]}<\/script>\n<!-- \/ Yoast SEO plugin. -->","yoast_head_json":{"title":"Assistance administrative - BricoSolutions","description":"Brico solutions vous accompagne dans la gestion courante de vos t\u00e2ches administratives.","robots":{"index":"index","follow":"follow","max-snippet":"max-snippet:-1","max-image-preview":"max-image-preview:large","max-video-preview":"max-video-preview:-1"},"canonical":"https:\/\/www.bricosolutions.fr\/index.php\/assistance-administrative\/","og_locale":"fr_FR","og_type":"article","og_title":"Assistance administrative - BricoSolutions","og_description":"Brico solutions vous accompagne dans la gestion courante de vos t\u00e2ches administratives.","og_url":"https:\/\/www.bricosolutions.fr\/index.php\/assistance-administrative\/","og_site_name":"BricoSolutions","article_modified_time":"2025-03-26T15:22:31+00:00","og_image":[{"url":"https:\/\/www.bricosolutions.fr\/wp-content\/uploads\/2025\/03\/Redaction-150x150.jpg","type":"","width":"","height":""}],"twitter_card":"summary_large_image","twitter_misc":{"Dur\u00e9e de lecture estim\u00e9e":"3 minutes"},"schema":{"@context":"https:\/\/schema.org","@graph":[{"@type":"WebPage","@id":"https:\/\/www.bricosolutions.fr\/index.php\/assistance-administrative\/","url":"https:\/\/www.bricosolutions.fr\/index.php\/assistance-administrative\/","name":"Assistance administrative - BricoSolutions","isPartOf":{"@id":"https:\/\/www.bricosolutions.fr\/#website"},"primaryImageOfPage":{"@id":"https:\/\/www.bricosolutions.fr\/index.php\/assistance-administrative\/#primaryimage"},"image":{"@id":"https:\/\/www.bricosolutions.fr\/index.php\/assistance-administrative\/#primaryimage"},"thumbnailUrl":"https:\/\/www.bricosolutions.fr\/wp-content\/uploads\/2025\/03\/Redaction-150x150.jpg","datePublished":"2025-03-06T08:50:33+00:00","dateModified":"2025-03-26T15:22:31+00:00","description":"Brico solutions vous accompagne dans la gestion courante de vos t\u00e2ches administratives.","breadcrumb":{"@id":"https:\/\/www.bricosolutions.fr\/index.php\/assistance-administrative\/#breadcrumb"},"inLanguage":"fr-FR","potentialAction":[{"@type":"ReadAction","target":["https:\/\/www.bricosolutions.fr\/index.php\/assistance-administrative\/"]}]},{"@type":"ImageObject","inLanguage":"fr-FR","@id":"https:\/\/www.bricosolutions.fr\/index.php\/assistance-administrative\/#primaryimage","url":"https:\/\/www.bricosolutions.fr\/wp-content\/uploads\/2025\/03\/Redaction.jpg","contentUrl":"https:\/\/www.bricosolutions.fr\/wp-content\/uploads\/2025\/03\/Redaction.jpg","width":405,"height":270,"caption":"R\u00e9daction - BricoSolutions"},{"@type":"BreadcrumbList","@id":"https:\/\/www.bricosolutions.fr\/index.php\/assistance-administrative\/#breadcrumb","itemListElement":[{"@type":"ListItem","position":1,"name":"Accueil","item":"https:\/\/www.bricosolutions.fr\/"},{"@type":"ListItem","position":2,"name":"Assistance administrative"}]},{"@type":"WebSite","@id":"https:\/\/www.bricosolutions.fr\/#website","url":"https:\/\/www.bricosolutions.fr\/","name":"BricoSolutions","description":"Services \u00e0 la personne | Bricolage | Jardinage | Assistance informatique | Assistance administrative | Neuville sur Oise, Cergy, Conflans-Sainte-Honorine et environs","publisher":{"@id":"https:\/\/www.bricosolutions.fr\/#organization"},"potentialAction":[{"@type":"SearchAction","target":{"@type":"EntryPoint","urlTemplate":"https:\/\/www.bricosolutions.fr\/?s={search_term_string}"},"query-input":{"@type":"PropertyValueSpecification","valueRequired":true,"valueName":"search_term_string"}}],"inLanguage":"fr-FR"},{"@type":"Organization","@id":"https:\/\/www.bricosolutions.fr\/#organization","name":"BricoSolutions","url":"https:\/\/www.bricosolutions.fr\/","logo":{"@type":"ImageObject","inLanguage":"fr-FR","@id":"https:\/\/www.bricosolutions.fr\/#\/schema\/logo\/image\/","url":"https:\/\/www.bricosolutions.fr\/wp-content\/uploads\/2025\/03\/Logo-BricoSolutions-239-x-149.png","contentUrl":"https:\/\/www.bricosolutions.fr\/wp-content\/uploads\/2025\/03\/Logo-BricoSolutions-239-x-149.png","width":239,"height":149,"caption":"BricoSolutions"},"image":{"@id":"https:\/\/www.bricosolutions.fr\/#\/schema\/logo\/image\/"}}]}},"_links":{"self":[{"href":"https:\/\/www.bricosolutions.fr\/index.php\/wp-json\/wp\/v2\/pages\/22","targetHints":{"allow":["GET"]}}],"collection":[{"href":"https:\/\/www.bricosolutions.fr\/index.php\/wp-json\/wp\/v2\/pages"}],"about":[{"href":"https:\/\/www.bricosolutions.fr\/index.php\/wp-json\/wp\/v2\/types\/page"}],"author":[{"embeddable":true,"href":"https:\/\/www.bricosolutions.fr\/index.php\/wp-json\/wp\/v2\/users\/1"}],"replies":[{"embeddable":true,"href":"https:\/\/www.bricosolutions.fr\/index.php\/wp-json\/wp\/v2\/comments?post=22"}],"version-history":[{"count":47,"href":"https:\/\/www.bricosolutions.fr\/index.php\/wp-json\/wp\/v2\/pages\/22\/revisions"}],"predecessor-version":[{"id":1419,"href":"https:\/\/www.bricosolutions.fr\/index.php\/wp-json\/wp\/v2\/pages\/22\/revisions\/1419"}],"wp:attachment":[{"href":"https:\/\/www.bricosolutions.fr\/index.php\/wp-json\/wp\/v2\/media?parent=22"}],"curies":[{"name":"wp","href":"https:\/\/api.w.org\/{rel}","templated":true}]}}