{"id":254,"date":"2025-03-19T17:02:49","date_gmt":"2025-03-19T16:02:49","guid":{"rendered":"https:\/\/www.bricosolutions.fr\/?page_id=254"},"modified":"2025-05-18T16:15:27","modified_gmt":"2025-05-18T14:15:27","slug":"mes-services","status":"publish","type":"page","link":"https:\/\/www.bricosolutions.fr\/index.php\/mes-services\/","title":{"rendered":"Mes services"},"content":{"rendered":"\t\t<div data-elementor-type=\"wp-page\" data-elementor-id=\"254\" class=\"elementor elementor-254\">\n\t\t\t\t<div class=\"elementor-element elementor-element-6819e39 e-flex e-con-boxed e-con e-parent\" data-id=\"6819e39\" data-element_type=\"container\" data-e-type=\"container\">\n\t\t\t\t\t<div class=\"e-con-inner\">\n\t\t<div class=\"elementor-element elementor-element-e6bae74 e-con-full e-flex e-con e-child\" data-id=\"e6bae74\" data-element_type=\"container\" data-e-type=\"container\">\n\t\t\t\t<div class=\"elementor-element elementor-element-149a5d0 elementor-widget elementor-widget-heading\" data-id=\"149a5d0\" data-element_type=\"widget\" data-e-type=\"widget\" data-widget_type=\"heading.default\">\n\t\t\t\t<div class=\"elementor-widget-container\">\n\t\t\t\t\t<h2 class=\"elementor-heading-title elementor-size-default\">Mes services<\/h2>\t\t\t\t<\/div>\n\t\t\t\t<\/div>\n\t\t\t\t<\/div>\n\t\t\t\t<div class=\"elementor-element elementor-element-68975a4 elementor-widget elementor-widget-heading\" data-id=\"68975a4\" data-element_type=\"widget\" data-e-type=\"widget\" data-widget_type=\"heading.default\">\n\t\t\t\t<div class=\"elementor-widget-container\">\n\t\t\t\t\t<h3 class=\"elementor-heading-title elementor-size-default\">Petits travaux de bricolage int\u00e9rieur<\/h3>\t\t\t\t<\/div>\n\t\t\t\t<\/div>\n\t\t<div class=\"elementor-element elementor-element-ca130dd e-con-full e-flex e-con e-child\" data-id=\"ca130dd\" data-element_type=\"container\" data-e-type=\"container\">\n\t\t\t\t<div class=\"elementor-element elementor-element-b23c635 elementor-widget elementor-widget-text-editor\" data-id=\"b23c635\" data-element_type=\"widget\" data-e-type=\"widget\" data-widget_type=\"text-editor.default\">\n\t\t\t\t<div class=\"elementor-widget-container\">\n\t\t\t\t\t\t\t\t\t<ul>\n<li>Installer des tringles \u00e0 rideaux<\/li>\n<li>Poser\/remplacer un d\u00e9tecteur de fum\u00e9e, un capteur de pr\u00e9sence, un chemin lumineux<\/li>\n<li>Accrocher\/d\u00e9crocher\/remplacer un lustre, des luminaires, un radiateur \u00e9lectrique<\/li>\n<li>D\u00e9placer\/d\u00e9poser\/ajuster un meuble<\/li>\n<li>Monter\/d\u00e9monter un meuble en kit<\/li>\n<li>Fixer\/changer\/r\u00e9parer une prise, un interrupteur \u00e9lectrique<\/li>\n<li>Fixer un miroir, un tableau au mur<\/li>\n<li>Fixer un accessoire de salle de bains, une armoire \u00e0 pharmacie, un rideau de salle de bains, une barre d&rsquo;appui<\/li>\n<li>Poser\/changer un joint de baignoire, de lavabo, d&rsquo;\u00e9vier<\/li>\n<li>Remplacer un flexible de douche, un abattant ou un m\u00e9canisme dans les toilettes<\/li>\n<li>Installer une \u00e9tag\u00e8re<\/li>\n<li>Poser un store, une moustiquaire, un \u00e9l\u00e9ment de cuisine<\/li>\n<li>Raboter une porte, une fen\u00eatre<\/li>\n<li>Remplacer une poign\u00e9e de porte, une serrure<\/li>\n<li>Installer un judas de porte, un verrou, une chati\u00e8re<\/li>\n<li>Fixer un \u00e9cran mural<\/li>\n<li>Faire une retouche de peinture<\/li>\n<li>Reprendre des joints de carrelage<\/li>\n<li>R\u00e9parer un \u00e9quipement<\/li>\n<li>Remplacer\/recoller un carreau de sol<\/li>\n<li>Reboucher une fissure, un trou<\/li>\n<li>Installer des portes de placard coulissantes<\/li>\n<li>Monter un dressing en kit&nbsp;<\/li>\n<li>Poser des plinthes<\/li>\n<li>Installer une boite aux lettres<\/li>\n<li>Installer une barre de seuil, une but\u00e9e de porte, un verrou<\/li>\n<li>Pose de diverses \u00ab\u00a0s\u00e9curit\u00e9s enfants\u00a0\u00bb<\/li>\n<li>Graissage de gonds de portes, de volets<\/li>\n<li>D\u00e9tapisser une pi\u00e8ce<\/li>\n<li>&#8230;<\/li>\n<\/ul>\t\t\t\t\t\t\t\t<\/div>\n\t\t\t\t<\/div>\n\t\t\t\t<\/div>\n\t\t\t\t\t<\/div>\n\t\t\t\t<\/div>\n\t\t<div class=\"elementor-element elementor-element-bffd077 e-flex e-con-boxed e-con e-parent\" data-id=\"bffd077\" data-element_type=\"container\" data-e-type=\"container\">\n\t\t\t\t\t<div class=\"e-con-inner\">\n\t\t\t\t<div class=\"elementor-element elementor-element-5917317 elementor-widget elementor-widget-heading\" data-id=\"5917317\" data-element_type=\"widget\" data-e-type=\"widget\" data-widget_type=\"heading.default\">\n\t\t\t\t<div class=\"elementor-widget-container\">\n\t\t\t\t\t<h3 class=\"elementor-heading-title elementor-size-default\">Petits travaux de bricolage ext\u00e9rieur<\/h3>\t\t\t\t<\/div>\n\t\t\t\t<\/div>\n\t\t<div class=\"elementor-element elementor-element-32afbe9 e-con-full e-flex e-con e-child\" data-id=\"32afbe9\" data-element_type=\"container\" data-e-type=\"container\">\n\t\t\t\t<div class=\"elementor-element elementor-element-603e29d elementor-widget elementor-widget-text-editor\" data-id=\"603e29d\" data-element_type=\"widget\" data-e-type=\"widget\" data-widget_type=\"text-editor.default\">\n\t\t\t\t<div class=\"elementor-widget-container\">\n\t\t\t\t\t\t\t\t\t<ul>\n<li>Monter un abri de jardin, du mobilier de jardin, un parasol, une balancelle, une armoire ou coffre de jardin<\/li>\n<li>Installer une piscine autoportante ou tubulaire<\/li><li>Retouches de peinture, lasures<\/li>\n<li>&#8230;<\/li>\n<\/ul>\t\t\t\t\t\t\t\t<\/div>\n\t\t\t\t<\/div>\n\t\t\t\t<\/div>\n\t\t\t\t\t<\/div>\n\t\t\t\t<\/div>\n\t\t<div class=\"elementor-element elementor-element-da0e92a e-flex e-con-boxed e-con e-parent\" data-id=\"da0e92a\" data-element_type=\"container\" data-e-type=\"container\">\n\t\t\t\t\t<div class=\"e-con-inner\">\n\t\t\t\t<div class=\"elementor-element elementor-element-0495e81 elementor-widget elementor-widget-heading\" data-id=\"0495e81\" data-element_type=\"widget\" data-e-type=\"widget\" data-widget_type=\"heading.default\">\n\t\t\t\t<div class=\"elementor-widget-container\">\n\t\t\t\t\t<h3 class=\"elementor-heading-title elementor-size-default\">Entretien du domicile<\/h3>\t\t\t\t<\/div>\n\t\t\t\t<\/div>\n\t\t<div class=\"elementor-element elementor-element-1a3301f e-con-full e-flex e-con e-child\" data-id=\"1a3301f\" data-element_type=\"container\" data-e-type=\"container\">\n\t\t\t\t<div class=\"elementor-element elementor-element-0488e0e elementor-widget elementor-widget-text-editor\" data-id=\"0488e0e\" data-element_type=\"widget\" data-e-type=\"widget\" data-widget_type=\"text-editor.default\">\n\t\t\t\t<div class=\"elementor-widget-container\">\n\t\t\t\t\t\t\t\t\t<ul>\n<li>Graisser un volet, une porte, une fen\u00eatre<\/li>\n<li>Purger les radiateurs<\/li>\n<li>Remplacer un filtre de hotte<\/li>\n<li>D\u00e9boucher un \u00e9vier, un lavabo<\/li>\n<li>Remplacer un siphon d&rsquo;\u00e9vier\/lavabo<\/li>\n<li>Nettoyer les vitres<\/li>\n<li style=\"font-size: 16px;\">Nettoyer et remettre en \u00e9tat apr\u00e8s un d\u00e9g\u00e2t des eaux<\/li>\n<li style=\"font-size: 16px;\">Changer une ampoule, un fusible<\/li>\n<li style=\"font-size: 16px;\">Nettoyer un balcon<\/li><li style=\"font-size: 16px;\">Ranger une cave<\/li><li style=\"font-size: 16px;\">Aider \u00e0 la pr\u00e9paration d&rsquo;un d\u00e9m\u00e9nagement<\/li><li style=\"font-size: 16px;\">&#8230;<\/li>\n<\/ul>\t\t\t\t\t\t\t\t<\/div>\n\t\t\t\t<\/div>\n\t\t\t\t<\/div>\n\t\t\t\t\t<\/div>\n\t\t\t\t<\/div>\n\t\t<div class=\"elementor-element elementor-element-286bb1f e-flex e-con-boxed e-con e-parent\" data-id=\"286bb1f\" data-element_type=\"container\" data-e-type=\"container\">\n\t\t\t\t\t<div class=\"e-con-inner\">\n\t\t\t\t<div class=\"elementor-element elementor-element-1add488 elementor-widget elementor-widget-heading\" data-id=\"1add488\" data-element_type=\"widget\" data-e-type=\"widget\" data-widget_type=\"heading.default\">\n\t\t\t\t<div class=\"elementor-widget-container\">\n\t\t\t\t\t<h3 class=\"elementor-heading-title elementor-size-default\">Entretien du jardin et ext\u00e9rieurs<\/h3>\t\t\t\t<\/div>\n\t\t\t\t<\/div>\n\t\t<div class=\"elementor-element elementor-element-50f3c6c e-con-full e-flex e-con e-child\" data-id=\"50f3c6c\" data-element_type=\"container\" data-e-type=\"container\">\n\t\t\t\t<div class=\"elementor-element elementor-element-8ea3c43 elementor-widget elementor-widget-text-editor\" data-id=\"8ea3c43\" data-element_type=\"widget\" data-e-type=\"widget\" data-widget_type=\"text-editor.default\">\n\t\t\t\t<div class=\"elementor-widget-container\">\n\t\t\t\t\t\t\t\t\t<ul>\n<li>D\u00e9sherber une all\u00e9e<\/li>\n<li>D\u00e9broussailler un jardin<\/li>\n<li>Entretenir un massif<\/li>\n<li>L&rsquo;arrosage manuel des v\u00e9g\u00e9taux<\/li>\n<li>Tailler une haie<\/li>\n<li>Tondre la pelouse<\/li>\n<li>Couper les branches basses<\/li>\n<li>Ramasser les feuilles mortes<\/li>\n<li>Cueillir des fruits et l\u00e9gumes pour la consommation personnelle<\/li>\n<li>D\u00e9neiger, saler, sabler<\/li>\n<li style=\"font-size: 16px;\">Nettoyer le sol d&rsquo;une terrasse \u00e0 l&rsquo;aide d&rsquo;un nettoyeur \u00e0 haute pression<\/li>\n<li style=\"font-size: 16px;\">Entretenir une cl\u00f4ture, un mobilier ext\u00e9rieur<\/li>\n<li style=\"font-size: 16px;\">Entretenir les abords d&rsquo;une piscine, un bassin, une pi\u00e8ce d&rsquo;eau ornementale<\/li>\n<li>&#8230;<\/li>\n<\/ul>\t\t\t\t\t\t\t\t<\/div>\n\t\t\t\t<\/div>\n\t\t\t\t<\/div>\n\t\t\t\t\t<\/div>\n\t\t\t\t<\/div>\n\t\t<div class=\"elementor-element elementor-element-f79c4ba e-flex e-con-boxed e-con e-parent\" data-id=\"f79c4ba\" data-element_type=\"container\" data-e-type=\"container\">\n\t\t\t\t\t<div class=\"e-con-inner\">\n\t\t\t\t<div class=\"elementor-element elementor-element-de18dc1 elementor-widget elementor-widget-heading\" data-id=\"de18dc1\" data-element_type=\"widget\" data-e-type=\"widget\" data-widget_type=\"heading.default\">\n\t\t\t\t<div class=\"elementor-widget-container\">\n\t\t\t\t\t<h3 class=\"elementor-heading-title elementor-size-default\">Assistance informatique<\/h3>\t\t\t\t<\/div>\n\t\t\t\t<\/div>\n\t\t<div class=\"elementor-element elementor-element-82ba48d e-con-full e-flex e-con e-child\" data-id=\"82ba48d\" data-element_type=\"container\" data-e-type=\"container\">\n\t\t\t\t<div class=\"elementor-element elementor-element-8c91cce elementor-widget elementor-widget-text-editor\" data-id=\"8c91cce\" data-element_type=\"widget\" data-e-type=\"widget\" data-widget_type=\"text-editor.default\">\n\t\t\t\t<div class=\"elementor-widget-container\">\n\t\t\t\t\t\t\t\t\t<ul><li>Former \u00e0 l&rsquo;utilisation d&rsquo;un PC et de ses logiciels ainsi que ses p\u00e9riph\u00e9riques, conseils et solutions sur internet<\/li><li>Maintenance logicielle<\/li><li>Installation d&rsquo;un nouveau PC et ses p\u00e9riph\u00e9riques imm\u00e9diats, d\u00e9pannage et s\u00e9curisation<\/li><li>Cr\u00e9ation de boite courriel et gestion de messagerie<\/li><li>Mise en place de sauvegarde notamment sur espace de stockage en ligne<\/li><li>&#8230;<\/li><\/ul>\t\t\t\t\t\t\t\t<\/div>\n\t\t\t\t<\/div>\n\t\t\t\t<\/div>\n\t\t\t\t\t<\/div>\n\t\t\t\t<\/div>\n\t\t<div class=\"elementor-element elementor-element-73239ef e-flex e-con-boxed e-con e-parent\" data-id=\"73239ef\" data-element_type=\"container\" data-e-type=\"container\">\n\t\t\t\t\t<div class=\"e-con-inner\">\n\t\t\t\t<div class=\"elementor-element elementor-element-56048d1 elementor-widget elementor-widget-heading\" data-id=\"56048d1\" data-element_type=\"widget\" data-e-type=\"widget\" data-widget_type=\"heading.default\">\n\t\t\t\t<div class=\"elementor-widget-container\">\n\t\t\t\t\t<h3 class=\"elementor-heading-title elementor-size-default\">Assistance administrative<\/h3>\t\t\t\t<\/div>\n\t\t\t\t<\/div>\n\t\t<div class=\"elementor-element elementor-element-5ea589e e-con-full e-flex e-con e-child\" data-id=\"5ea589e\" data-element_type=\"container\" data-e-type=\"container\">\n\t\t\t\t<div class=\"elementor-element elementor-element-ebf3564 elementor-widget elementor-widget-text-editor\" data-id=\"ebf3564\" data-element_type=\"widget\" data-e-type=\"widget\" data-widget_type=\"text-editor.default\">\n\t\t\t\t<div class=\"elementor-widget-container\">\n\t\t\t\t\t\t\t\t\t<ul><li>Appui et aide \u00e0 la r\u00e9daction des correspondances courantes<\/li><li>Formalit\u00e9s administratives telle que la d\u00e9claration de revenus ou demande d&rsquo;allocation<\/li><li>Suivi du paiement et factures du foyer<\/li><li>Compr\u00e9hension et facilitation des contacts et des relations avec les administrations publiques\u00a0<\/li><li>&#8230;<\/li><\/ul>\t\t\t\t\t\t\t\t<\/div>\n\t\t\t\t<\/div>\n\t\t\t\t<\/div>\n\t\t\t\t\t<\/div>\n\t\t\t\t<\/div>\n\t\t<div class=\"elementor-element elementor-element-b930790 e-flex e-con-boxed e-con e-parent\" data-id=\"b930790\" data-element_type=\"container\" data-e-type=\"container\">\n\t\t\t\t\t<div class=\"e-con-inner\">\n\t\t\t\t<div class=\"elementor-element elementor-element-7b25428 elementor-widget elementor-widget-heading\" data-id=\"7b25428\" data-element_type=\"widget\" data-e-type=\"widget\" data-widget_type=\"heading.default\">\n\t\t\t\t<div class=\"elementor-widget-container\">\n\t\t\t\t\t<h3 class=\"elementor-heading-title elementor-size-default\">Maintenance, entretien et vigilance temporaire du domicile<\/h3>\t\t\t\t<\/div>\n\t\t\t\t<\/div>\n\t\t<div class=\"elementor-element elementor-element-4866b71 e-con-full e-flex e-con e-child\" data-id=\"4866b71\" data-element_type=\"container\" data-e-type=\"container\">\n\t\t\t\t<div class=\"elementor-element elementor-element-b7bb830 elementor-widget elementor-widget-text-editor\" data-id=\"b7bb830\" data-element_type=\"widget\" data-e-type=\"widget\" data-widget_type=\"text-editor.default\">\n\t\t\t\t<div class=\"elementor-widget-container\">\n\t\t\t\t\t\t\t\t\t<ul><li>Pendant l&rsquo;absence du propri\u00e9taire:<\/li><li>Ouverture et fermeture des volets<\/li><li>Arrosage et entretien des plantes\u00a0<\/li><li>Rel\u00e8ve du courrier<\/li><li>Travaux m\u00e9nagers<\/li><\/ul>\t\t\t\t\t\t\t\t<\/div>\n\t\t\t\t<\/div>\n\t\t\t\t<\/div>\n\t\t\t\t\t<\/div>\n\t\t\t\t<\/div>\n\t\t\t\t<\/div>\n\t\t","protected":false},"excerpt":{"rendered":"<p>Mes services Petits travaux de bricolage int\u00e9rieur Installer des tringles \u00e0 rideaux Poser\/remplacer un d\u00e9tecteur de fum\u00e9e, un capteur de pr\u00e9sence, un chemin lumineux Accrocher\/d\u00e9crocher\/remplacer un lustre, des luminaires, un radiateur \u00e9lectrique D\u00e9placer\/d\u00e9poser\/ajuster un meuble Monter\/d\u00e9monter un meuble en kit Fixer\/changer\/r\u00e9parer une prise, un interrupteur \u00e9lectrique Fixer un miroir, un tableau au mur Fixer un [&hellip;]<\/p>\n","protected":false},"author":1,"featured_media":0,"parent":0,"menu_order":0,"comment_status":"closed","ping_status":"closed","template":"","meta":{"_monsterinsights_skip_tracking":false,"_monsterinsights_sitenote_active":false,"_monsterinsights_sitenote_note":"","_monsterinsights_sitenote_category":0,"_uf_show_specific_survey":0,"_uf_disable_surveys":false,"footnotes":""},"class_list":["post-254","page","type-page","status-publish","hentry"],"yoast_head":"<!-- This site is optimized with the Yoast SEO plugin v27.5 - https:\/\/yoast.com\/product\/yoast-seo-wordpress\/ -->\n<title>Mes services - BricoSolutions<\/title>\n<meta name=\"robots\" content=\"index, follow, max-snippet:-1, max-image-preview:large, max-video-preview:-1\" \/>\n<link rel=\"canonical\" href=\"https:\/\/www.bricosolutions.fr\/index.php\/mes-services\/\" \/>\n<meta property=\"og:locale\" content=\"fr_FR\" \/>\n<meta property=\"og:type\" content=\"article\" \/>\n<meta property=\"og:title\" content=\"Mes services - BricoSolutions\" \/>\n<meta property=\"og:description\" content=\"Mes services Petits travaux de bricolage int\u00e9rieur Installer des tringles \u00e0 rideaux Poser\/remplacer un d\u00e9tecteur de fum\u00e9e, un capteur de pr\u00e9sence, un chemin lumineux Accrocher\/d\u00e9crocher\/remplacer un lustre, des luminaires, un radiateur \u00e9lectrique D\u00e9placer\/d\u00e9poser\/ajuster un meuble Monter\/d\u00e9monter un meuble en kit Fixer\/changer\/r\u00e9parer une prise, un interrupteur \u00e9lectrique Fixer un miroir, un tableau au mur Fixer un [&hellip;]\" \/>\n<meta property=\"og:url\" content=\"https:\/\/www.bricosolutions.fr\/index.php\/mes-services\/\" \/>\n<meta property=\"og:site_name\" content=\"BricoSolutions\" \/>\n<meta property=\"article:modified_time\" content=\"2025-05-18T14:15:27+00:00\" \/>\n<meta name=\"twitter:card\" content=\"summary_large_image\" \/>\n<meta name=\"twitter:label1\" content=\"Dur\u00e9e de lecture estim\u00e9e\" \/>\n\t<meta name=\"twitter:data1\" content=\"3 minutes\" \/>\n<script type=\"application\/ld+json\" class=\"yoast-schema-graph\">{\"@context\":\"https:\\\/\\\/schema.org\",\"@graph\":[{\"@type\":\"WebPage\",\"@id\":\"https:\\\/\\\/www.bricosolutions.fr\\\/index.php\\\/mes-services\\\/\",\"url\":\"https:\\\/\\\/www.bricosolutions.fr\\\/index.php\\\/mes-services\\\/\",\"name\":\"Mes services - BricoSolutions\",\"isPartOf\":{\"@id\":\"https:\\\/\\\/www.bricosolutions.fr\\\/#website\"},\"datePublished\":\"2025-03-19T16:02:49+00:00\",\"dateModified\":\"2025-05-18T14:15:27+00:00\",\"breadcrumb\":{\"@id\":\"https:\\\/\\\/www.bricosolutions.fr\\\/index.php\\\/mes-services\\\/#breadcrumb\"},\"inLanguage\":\"fr-FR\",\"potentialAction\":[{\"@type\":\"ReadAction\",\"target\":[\"https:\\\/\\\/www.bricosolutions.fr\\\/index.php\\\/mes-services\\\/\"]}]},{\"@type\":\"BreadcrumbList\",\"@id\":\"https:\\\/\\\/www.bricosolutions.fr\\\/index.php\\\/mes-services\\\/#breadcrumb\",\"itemListElement\":[{\"@type\":\"ListItem\",\"position\":1,\"name\":\"Accueil\",\"item\":\"https:\\\/\\\/www.bricosolutions.fr\\\/\"},{\"@type\":\"ListItem\",\"position\":2,\"name\":\"Mes services\"}]},{\"@type\":\"WebSite\",\"@id\":\"https:\\\/\\\/www.bricosolutions.fr\\\/#website\",\"url\":\"https:\\\/\\\/www.bricosolutions.fr\\\/\",\"name\":\"BricoSolutions\",\"description\":\"Services \u00e0 la personne | Bricolage | Jardinage | Assistance informatique | Assistance administrative | Neuville sur Oise, Cergy, Conflans-Sainte-Honorine et environs\",\"publisher\":{\"@id\":\"https:\\\/\\\/www.bricosolutions.fr\\\/#organization\"},\"potentialAction\":[{\"@type\":\"SearchAction\",\"target\":{\"@type\":\"EntryPoint\",\"urlTemplate\":\"https:\\\/\\\/www.bricosolutions.fr\\\/?s={search_term_string}\"},\"query-input\":{\"@type\":\"PropertyValueSpecification\",\"valueRequired\":true,\"valueName\":\"search_term_string\"}}],\"inLanguage\":\"fr-FR\"},{\"@type\":\"Organization\",\"@id\":\"https:\\\/\\\/www.bricosolutions.fr\\\/#organization\",\"name\":\"BricoSolutions\",\"url\":\"https:\\\/\\\/www.bricosolutions.fr\\\/\",\"logo\":{\"@type\":\"ImageObject\",\"inLanguage\":\"fr-FR\",\"@id\":\"https:\\\/\\\/www.bricosolutions.fr\\\/#\\\/schema\\\/logo\\\/image\\\/\",\"url\":\"https:\\\/\\\/www.bricosolutions.fr\\\/wp-content\\\/uploads\\\/2025\\\/03\\\/Logo-BricoSolutions-239-x-149.png\",\"contentUrl\":\"https:\\\/\\\/www.bricosolutions.fr\\\/wp-content\\\/uploads\\\/2025\\\/03\\\/Logo-BricoSolutions-239-x-149.png\",\"width\":239,\"height\":149,\"caption\":\"BricoSolutions\"},\"image\":{\"@id\":\"https:\\\/\\\/www.bricosolutions.fr\\\/#\\\/schema\\\/logo\\\/image\\\/\"}}]}<\/script>\n<!-- \/ Yoast SEO plugin. -->","yoast_head_json":{"title":"Mes services - BricoSolutions","robots":{"index":"index","follow":"follow","max-snippet":"max-snippet:-1","max-image-preview":"max-image-preview:large","max-video-preview":"max-video-preview:-1"},"canonical":"https:\/\/www.bricosolutions.fr\/index.php\/mes-services\/","og_locale":"fr_FR","og_type":"article","og_title":"Mes services - BricoSolutions","og_description":"Mes services Petits travaux de bricolage int\u00e9rieur Installer des tringles \u00e0 rideaux Poser\/remplacer un d\u00e9tecteur de fum\u00e9e, un capteur de pr\u00e9sence, un chemin lumineux Accrocher\/d\u00e9crocher\/remplacer un lustre, des luminaires, un radiateur \u00e9lectrique D\u00e9placer\/d\u00e9poser\/ajuster un meuble Monter\/d\u00e9monter un meuble en kit Fixer\/changer\/r\u00e9parer une prise, un interrupteur \u00e9lectrique Fixer un miroir, un tableau au mur Fixer un [&hellip;]","og_url":"https:\/\/www.bricosolutions.fr\/index.php\/mes-services\/","og_site_name":"BricoSolutions","article_modified_time":"2025-05-18T14:15:27+00:00","twitter_card":"summary_large_image","twitter_misc":{"Dur\u00e9e de lecture estim\u00e9e":"3 minutes"},"schema":{"@context":"https:\/\/schema.org","@graph":[{"@type":"WebPage","@id":"https:\/\/www.bricosolutions.fr\/index.php\/mes-services\/","url":"https:\/\/www.bricosolutions.fr\/index.php\/mes-services\/","name":"Mes services - BricoSolutions","isPartOf":{"@id":"https:\/\/www.bricosolutions.fr\/#website"},"datePublished":"2025-03-19T16:02:49+00:00","dateModified":"2025-05-18T14:15:27+00:00","breadcrumb":{"@id":"https:\/\/www.bricosolutions.fr\/index.php\/mes-services\/#breadcrumb"},"inLanguage":"fr-FR","potentialAction":[{"@type":"ReadAction","target":["https:\/\/www.bricosolutions.fr\/index.php\/mes-services\/"]}]},{"@type":"BreadcrumbList","@id":"https:\/\/www.bricosolutions.fr\/index.php\/mes-services\/#breadcrumb","itemListElement":[{"@type":"ListItem","position":1,"name":"Accueil","item":"https:\/\/www.bricosolutions.fr\/"},{"@type":"ListItem","position":2,"name":"Mes services"}]},{"@type":"WebSite","@id":"https:\/\/www.bricosolutions.fr\/#website","url":"https:\/\/www.bricosolutions.fr\/","name":"BricoSolutions","description":"Services \u00e0 la personne | Bricolage | Jardinage | Assistance informatique | Assistance administrative | Neuville sur Oise, Cergy, Conflans-Sainte-Honorine et environs","publisher":{"@id":"https:\/\/www.bricosolutions.fr\/#organization"},"potentialAction":[{"@type":"SearchAction","target":{"@type":"EntryPoint","urlTemplate":"https:\/\/www.bricosolutions.fr\/?s={search_term_string}"},"query-input":{"@type":"PropertyValueSpecification","valueRequired":true,"valueName":"search_term_string"}}],"inLanguage":"fr-FR"},{"@type":"Organization","@id":"https:\/\/www.bricosolutions.fr\/#organization","name":"BricoSolutions","url":"https:\/\/www.bricosolutions.fr\/","logo":{"@type":"ImageObject","inLanguage":"fr-FR","@id":"https:\/\/www.bricosolutions.fr\/#\/schema\/logo\/image\/","url":"https:\/\/www.bricosolutions.fr\/wp-content\/uploads\/2025\/03\/Logo-BricoSolutions-239-x-149.png","contentUrl":"https:\/\/www.bricosolutions.fr\/wp-content\/uploads\/2025\/03\/Logo-BricoSolutions-239-x-149.png","width":239,"height":149,"caption":"BricoSolutions"},"image":{"@id":"https:\/\/www.bricosolutions.fr\/#\/schema\/logo\/image\/"}}]}},"_links":{"self":[{"href":"https:\/\/www.bricosolutions.fr\/index.php\/wp-json\/wp\/v2\/pages\/254","targetHints":{"allow":["GET"]}}],"collection":[{"href":"https:\/\/www.bricosolutions.fr\/index.php\/wp-json\/wp\/v2\/pages"}],"about":[{"href":"https:\/\/www.bricosolutions.fr\/index.php\/wp-json\/wp\/v2\/types\/page"}],"author":[{"embeddable":true,"href":"https:\/\/www.bricosolutions.fr\/index.php\/wp-json\/wp\/v2\/users\/1"}],"replies":[{"embeddable":true,"href":"https:\/\/www.bricosolutions.fr\/index.php\/wp-json\/wp\/v2\/comments?post=254"}],"version-history":[{"count":74,"href":"https:\/\/www.bricosolutions.fr\/index.php\/wp-json\/wp\/v2\/pages\/254\/revisions"}],"predecessor-version":[{"id":2118,"href":"https:\/\/www.bricosolutions.fr\/index.php\/wp-json\/wp\/v2\/pages\/254\/revisions\/2118"}],"wp:attachment":[{"href":"https:\/\/www.bricosolutions.fr\/index.php\/wp-json\/wp\/v2\/media?parent=254"}],"curies":[{"name":"wp","href":"https:\/\/api.w.org\/{rel}","templated":true}]}}