{"id":30,"date":"2025-03-06T09:54:28","date_gmt":"2025-03-06T08:54:28","guid":{"rendered":"https:\/\/www.bricosolutions.fr\/?page_id=30"},"modified":"2025-03-26T16:31:27","modified_gmt":"2025-03-26T15:31:27","slug":"mentions-legales","status":"publish","type":"page","link":"https:\/\/www.bricosolutions.fr\/index.php\/mentions-legales\/","title":{"rendered":"Mentions l\u00e9gales"},"content":{"rendered":"\t\t<div data-elementor-type=\"wp-page\" data-elementor-id=\"30\" class=\"elementor elementor-30\">\n\t\t\t\t<div class=\"elementor-element elementor-element-2e390ed e-flex e-con-boxed e-con e-parent\" data-id=\"2e390ed\" data-element_type=\"container\" data-e-type=\"container\">\n\t\t\t\t\t<div class=\"e-con-inner\">\n\t\t<div class=\"elementor-element elementor-element-3b8f35a e-con-full e-flex e-con e-child\" data-id=\"3b8f35a\" data-element_type=\"container\" data-e-type=\"container\">\n\t\t\t\t<div class=\"elementor-element elementor-element-695e4af elementor-widget elementor-widget-heading\" data-id=\"695e4af\" data-element_type=\"widget\" data-e-type=\"widget\" data-widget_type=\"heading.default\">\n\t\t\t\t<div class=\"elementor-widget-container\">\n\t\t\t\t\t<h2 class=\"elementor-heading-title elementor-size-default\">Mentions l\u00e9gales<\/h2>\t\t\t\t<\/div>\n\t\t\t\t<\/div>\n\t\t\t\t<\/div>\n\t\t\t\t\t<\/div>\n\t\t\t\t<\/div>\n\t\t<div class=\"elementor-element elementor-element-4b049fdf e-flex e-con-boxed e-con e-parent\" data-id=\"4b049fdf\" data-element_type=\"container\" data-e-type=\"container\">\n\t\t\t\t\t<div class=\"e-con-inner\">\n\t\t\t\t<div class=\"elementor-element elementor-element-3a8a7ebf elementor-widget elementor-widget-text-editor\" data-id=\"3a8a7ebf\" data-element_type=\"widget\" data-e-type=\"widget\" data-widget_type=\"text-editor.default\">\n\t\t\t\t<div class=\"elementor-widget-container\">\n\t\t\t\t\t\t\t\t\t<p><span style=\"color: var( --e-global-color-text ); font-family: var( --e-global-typography-text-font-family ), Sans-serif; font-weight: var( --e-global-typography-text-font-weight ); text-align: var(--text-align); font-size: 1rem;\">Conform\u00e9ment aux dispositions de l\u2019article 6 III-1 de la loi n\u00b0 2004-575 du 21 juin 2004 pour la confiance dans l\u2019\u00e9conomie num\u00e9rique, <\/span><strong style=\"color: var( --e-global-color-text ); font-family: var( --e-global-typography-text-font-family ), Sans-serif; text-align: var(--text-align); font-size: 1rem;\">Brico Solutions<\/strong><span style=\"color: var( --e-global-color-text ); font-family: var( --e-global-typography-text-font-family ), Sans-serif; font-weight: var( --e-global-typography-text-font-weight ); text-align: var(--text-align); font-size: 1rem;\"> informe l\u2019Utilisateur des \u00e9l\u00e9ments suivants&nbsp;:<\/span><\/p>\n<p><strong>\u00c9diteur du Site<\/strong><\/p>\n<p>Le site&nbsp;<a href=\"https:\/\/www.bricosolutions.fr\/\">https:\/\/www.bricosolutions.fr\/<\/a> est \u00e9dit\u00e9 par:<\/p>\n<p><strong>Brico Solutions<\/strong><br>Francis SALAUN E.I.,<br>7 rue Savary<br>95000 Neuville-sur-Oise (France),<\/p>\n<p>immatricul\u00e9e au Registre du commerce et des soci\u00e9t\u00e9s de Pontoise sous le num\u00e9ro SIRET 939 582 748 00017.<\/p>\n<p>Code APE&nbsp;: 8121Z<br>T\u00e9l\u00e9phone : + 33 (0)7 69 28 10 10<\/p>\n<p><strong>Directeur de la publication<\/strong><\/p>\n<p>Le Directeur de la publication est Monsieur Francis SALAUN, en sa qualit\u00e9 de dirigeant.<\/p>\n<p>Courriel&nbsp;: <a href=\"mailto:francis@bricosolutions.fr\">francis@bricosolutions.fr<\/a><\/p>\n<p><strong>H\u00e9bergeur du site<\/strong><\/p>\n<p>Le site est h\u00e9berg\u00e9 par la soci\u00e9t\u00e9 OVH, dont le si\u00e8ge social est situ\u00e9 au&nbsp;:<\/p>\n<p>2 rue Kellermann<br>59100 Roubaix<br>France.<\/p>\n<p>L\u2019h\u00e9bergeur est joignable \u00e0 l\u2019adresse internet suivante :&nbsp;<a href=\"https:\/\/www.ovhcloud.com\/fr\/\">https:\/\/www.ovhcloud.com\/fr\/<\/a> .<\/p>\t\t\t\t\t\t\t\t<\/div>\n\t\t\t\t<\/div>\n\t\t\t\t\t<\/div>\n\t\t\t\t<\/div>\n\t\t\t\t<\/div>\n\t\t","protected":false},"excerpt":{"rendered":"<p>Mentions l\u00e9gales Conform\u00e9ment aux dispositions de l\u2019article 6 III-1 de la loi n\u00b0 2004-575 du 21 juin 2004 pour la confiance dans l\u2019\u00e9conomie num\u00e9rique, Brico Solutions informe l\u2019Utilisateur des \u00e9l\u00e9ments suivants&nbsp;: \u00c9diteur du Site Le site&nbsp;https:\/\/www.bricosolutions.fr\/ est \u00e9dit\u00e9 par: Brico SolutionsFrancis SALAUN E.I.,7 rue Savary95000 Neuville-sur-Oise (France), immatricul\u00e9e au Registre du commerce et des soci\u00e9t\u00e9s [&hellip;]<\/p>\n","protected":false},"author":1,"featured_media":0,"parent":0,"menu_order":0,"comment_status":"closed","ping_status":"closed","template":"","meta":{"_monsterinsights_skip_tracking":false,"_monsterinsights_sitenote_active":false,"_monsterinsights_sitenote_note":"","_monsterinsights_sitenote_category":0,"_uf_show_specific_survey":0,"_uf_disable_surveys":false,"footnotes":""},"class_list":["post-30","page","type-page","status-publish","hentry"],"yoast_head":"<!-- This site is optimized with the Yoast SEO plugin v27.5 - https:\/\/yoast.com\/product\/yoast-seo-wordpress\/ -->\n<title>Mentions l\u00e9gales - BricoSolutions<\/title>\n<meta name=\"robots\" content=\"index, follow, max-snippet:-1, max-image-preview:large, max-video-preview:-1\" \/>\n<link rel=\"canonical\" href=\"https:\/\/www.bricosolutions.fr\/index.php\/mentions-legales\/\" \/>\n<meta property=\"og:locale\" content=\"fr_FR\" \/>\n<meta property=\"og:type\" content=\"article\" \/>\n<meta property=\"og:title\" content=\"Mentions l\u00e9gales - BricoSolutions\" \/>\n<meta property=\"og:description\" content=\"Mentions l\u00e9gales Conform\u00e9ment aux dispositions de l\u2019article 6 III-1 de la loi n\u00b0 2004-575 du 21 juin 2004 pour la confiance dans l\u2019\u00e9conomie num\u00e9rique, Brico Solutions informe l\u2019Utilisateur des \u00e9l\u00e9ments suivants&nbsp;: \u00c9diteur du Site Le site&nbsp;https:\/\/www.bricosolutions.fr\/ est \u00e9dit\u00e9 par: Brico SolutionsFrancis SALAUN E.I.,7 rue Savary95000 Neuville-sur-Oise (France), immatricul\u00e9e au Registre du commerce et des soci\u00e9t\u00e9s [&hellip;]\" \/>\n<meta property=\"og:url\" content=\"https:\/\/www.bricosolutions.fr\/index.php\/mentions-legales\/\" \/>\n<meta property=\"og:site_name\" content=\"BricoSolutions\" \/>\n<meta property=\"article:modified_time\" content=\"2025-03-26T15:31:27+00:00\" \/>\n<meta name=\"twitter:card\" content=\"summary_large_image\" \/>\n<meta name=\"twitter:label1\" content=\"Dur\u00e9e de lecture estim\u00e9e\" \/>\n\t<meta name=\"twitter:data1\" content=\"1 minute\" \/>\n<script type=\"application\/ld+json\" class=\"yoast-schema-graph\">{\"@context\":\"https:\\\/\\\/schema.org\",\"@graph\":[{\"@type\":\"WebPage\",\"@id\":\"https:\\\/\\\/www.bricosolutions.fr\\\/index.php\\\/mentions-legales\\\/\",\"url\":\"https:\\\/\\\/www.bricosolutions.fr\\\/index.php\\\/mentions-legales\\\/\",\"name\":\"Mentions l\u00e9gales - BricoSolutions\",\"isPartOf\":{\"@id\":\"https:\\\/\\\/www.bricosolutions.fr\\\/#website\"},\"datePublished\":\"2025-03-06T08:54:28+00:00\",\"dateModified\":\"2025-03-26T15:31:27+00:00\",\"breadcrumb\":{\"@id\":\"https:\\\/\\\/www.bricosolutions.fr\\\/index.php\\\/mentions-legales\\\/#breadcrumb\"},\"inLanguage\":\"fr-FR\",\"potentialAction\":[{\"@type\":\"ReadAction\",\"target\":[\"https:\\\/\\\/www.bricosolutions.fr\\\/index.php\\\/mentions-legales\\\/\"]}]},{\"@type\":\"BreadcrumbList\",\"@id\":\"https:\\\/\\\/www.bricosolutions.fr\\\/index.php\\\/mentions-legales\\\/#breadcrumb\",\"itemListElement\":[{\"@type\":\"ListItem\",\"position\":1,\"name\":\"Accueil\",\"item\":\"https:\\\/\\\/www.bricosolutions.fr\\\/\"},{\"@type\":\"ListItem\",\"position\":2,\"name\":\"Mentions l\u00e9gales\"}]},{\"@type\":\"WebSite\",\"@id\":\"https:\\\/\\\/www.bricosolutions.fr\\\/#website\",\"url\":\"https:\\\/\\\/www.bricosolutions.fr\\\/\",\"name\":\"BricoSolutions\",\"description\":\"Services \u00e0 la personne | Bricolage | Jardinage | Assistance informatique | Assistance administrative | Neuville sur Oise, Cergy, Conflans-Sainte-Honorine et environs\",\"publisher\":{\"@id\":\"https:\\\/\\\/www.bricosolutions.fr\\\/#organization\"},\"potentialAction\":[{\"@type\":\"SearchAction\",\"target\":{\"@type\":\"EntryPoint\",\"urlTemplate\":\"https:\\\/\\\/www.bricosolutions.fr\\\/?s={search_term_string}\"},\"query-input\":{\"@type\":\"PropertyValueSpecification\",\"valueRequired\":true,\"valueName\":\"search_term_string\"}}],\"inLanguage\":\"fr-FR\"},{\"@type\":\"Organization\",\"@id\":\"https:\\\/\\\/www.bricosolutions.fr\\\/#organization\",\"name\":\"BricoSolutions\",\"url\":\"https:\\\/\\\/www.bricosolutions.fr\\\/\",\"logo\":{\"@type\":\"ImageObject\",\"inLanguage\":\"fr-FR\",\"@id\":\"https:\\\/\\\/www.bricosolutions.fr\\\/#\\\/schema\\\/logo\\\/image\\\/\",\"url\":\"https:\\\/\\\/www.bricosolutions.fr\\\/wp-content\\\/uploads\\\/2025\\\/03\\\/Logo-BricoSolutions-239-x-149.png\",\"contentUrl\":\"https:\\\/\\\/www.bricosolutions.fr\\\/wp-content\\\/uploads\\\/2025\\\/03\\\/Logo-BricoSolutions-239-x-149.png\",\"width\":239,\"height\":149,\"caption\":\"BricoSolutions\"},\"image\":{\"@id\":\"https:\\\/\\\/www.bricosolutions.fr\\\/#\\\/schema\\\/logo\\\/image\\\/\"}}]}<\/script>\n<!-- \/ Yoast SEO plugin. -->","yoast_head_json":{"title":"Mentions l\u00e9gales - BricoSolutions","robots":{"index":"index","follow":"follow","max-snippet":"max-snippet:-1","max-image-preview":"max-image-preview:large","max-video-preview":"max-video-preview:-1"},"canonical":"https:\/\/www.bricosolutions.fr\/index.php\/mentions-legales\/","og_locale":"fr_FR","og_type":"article","og_title":"Mentions l\u00e9gales - BricoSolutions","og_description":"Mentions l\u00e9gales Conform\u00e9ment aux dispositions de l\u2019article 6 III-1 de la loi n\u00b0 2004-575 du 21 juin 2004 pour la confiance dans l\u2019\u00e9conomie num\u00e9rique, Brico Solutions informe l\u2019Utilisateur des \u00e9l\u00e9ments suivants&nbsp;: \u00c9diteur du Site Le site&nbsp;https:\/\/www.bricosolutions.fr\/ est \u00e9dit\u00e9 par: Brico SolutionsFrancis SALAUN E.I.,7 rue Savary95000 Neuville-sur-Oise (France), immatricul\u00e9e au Registre du commerce et des soci\u00e9t\u00e9s [&hellip;]","og_url":"https:\/\/www.bricosolutions.fr\/index.php\/mentions-legales\/","og_site_name":"BricoSolutions","article_modified_time":"2025-03-26T15:31:27+00:00","twitter_card":"summary_large_image","twitter_misc":{"Dur\u00e9e de lecture estim\u00e9e":"1 minute"},"schema":{"@context":"https:\/\/schema.org","@graph":[{"@type":"WebPage","@id":"https:\/\/www.bricosolutions.fr\/index.php\/mentions-legales\/","url":"https:\/\/www.bricosolutions.fr\/index.php\/mentions-legales\/","name":"Mentions l\u00e9gales - BricoSolutions","isPartOf":{"@id":"https:\/\/www.bricosolutions.fr\/#website"},"datePublished":"2025-03-06T08:54:28+00:00","dateModified":"2025-03-26T15:31:27+00:00","breadcrumb":{"@id":"https:\/\/www.bricosolutions.fr\/index.php\/mentions-legales\/#breadcrumb"},"inLanguage":"fr-FR","potentialAction":[{"@type":"ReadAction","target":["https:\/\/www.bricosolutions.fr\/index.php\/mentions-legales\/"]}]},{"@type":"BreadcrumbList","@id":"https:\/\/www.bricosolutions.fr\/index.php\/mentions-legales\/#breadcrumb","itemListElement":[{"@type":"ListItem","position":1,"name":"Accueil","item":"https:\/\/www.bricosolutions.fr\/"},{"@type":"ListItem","position":2,"name":"Mentions l\u00e9gales"}]},{"@type":"WebSite","@id":"https:\/\/www.bricosolutions.fr\/#website","url":"https:\/\/www.bricosolutions.fr\/","name":"BricoSolutions","description":"Services \u00e0 la personne | Bricolage | Jardinage | Assistance informatique | Assistance administrative | Neuville sur Oise, Cergy, Conflans-Sainte-Honorine et environs","publisher":{"@id":"https:\/\/www.bricosolutions.fr\/#organization"},"potentialAction":[{"@type":"SearchAction","target":{"@type":"EntryPoint","urlTemplate":"https:\/\/www.bricosolutions.fr\/?s={search_term_string}"},"query-input":{"@type":"PropertyValueSpecification","valueRequired":true,"valueName":"search_term_string"}}],"inLanguage":"fr-FR"},{"@type":"Organization","@id":"https:\/\/www.bricosolutions.fr\/#organization","name":"BricoSolutions","url":"https:\/\/www.bricosolutions.fr\/","logo":{"@type":"ImageObject","inLanguage":"fr-FR","@id":"https:\/\/www.bricosolutions.fr\/#\/schema\/logo\/image\/","url":"https:\/\/www.bricosolutions.fr\/wp-content\/uploads\/2025\/03\/Logo-BricoSolutions-239-x-149.png","contentUrl":"https:\/\/www.bricosolutions.fr\/wp-content\/uploads\/2025\/03\/Logo-BricoSolutions-239-x-149.png","width":239,"height":149,"caption":"BricoSolutions"},"image":{"@id":"https:\/\/www.bricosolutions.fr\/#\/schema\/logo\/image\/"}}]}},"_links":{"self":[{"href":"https:\/\/www.bricosolutions.fr\/index.php\/wp-json\/wp\/v2\/pages\/30","targetHints":{"allow":["GET"]}}],"collection":[{"href":"https:\/\/www.bricosolutions.fr\/index.php\/wp-json\/wp\/v2\/pages"}],"about":[{"href":"https:\/\/www.bricosolutions.fr\/index.php\/wp-json\/wp\/v2\/types\/page"}],"author":[{"embeddable":true,"href":"https:\/\/www.bricosolutions.fr\/index.php\/wp-json\/wp\/v2\/users\/1"}],"replies":[{"embeddable":true,"href":"https:\/\/www.bricosolutions.fr\/index.php\/wp-json\/wp\/v2\/comments?post=30"}],"version-history":[{"count":14,"href":"https:\/\/www.bricosolutions.fr\/index.php\/wp-json\/wp\/v2\/pages\/30\/revisions"}],"predecessor-version":[{"id":1448,"href":"https:\/\/www.bricosolutions.fr\/index.php\/wp-json\/wp\/v2\/pages\/30\/revisions\/1448"}],"wp:attachment":[{"href":"https:\/\/www.bricosolutions.fr\/index.php\/wp-json\/wp\/v2\/media?parent=30"}],"curies":[{"name":"wp","href":"https:\/\/api.w.org\/{rel}","templated":true}]}}