{"id":32,"date":"2025-03-06T09:55:29","date_gmt":"2025-03-06T08:55:29","guid":{"rendered":"https:\/\/www.bricosolutions.fr\/?page_id=32"},"modified":"2025-03-27T15:16:37","modified_gmt":"2025-03-27T14:16:37","slug":"rgpd","status":"publish","type":"page","link":"https:\/\/www.bricosolutions.fr\/index.php\/rgpd\/","title":{"rendered":"RGPD"},"content":{"rendered":"\t\t<div data-elementor-type=\"wp-page\" data-elementor-id=\"32\" class=\"elementor elementor-32\">\n\t\t\t\t<div class=\"elementor-element elementor-element-ab841fb e-flex e-con-boxed e-con e-parent\" data-id=\"ab841fb\" data-element_type=\"container\" data-e-type=\"container\">\n\t\t\t\t\t<div class=\"e-con-inner\">\n\t\t<div class=\"elementor-element elementor-element-289394c e-con-full e-flex e-con e-child\" data-id=\"289394c\" data-element_type=\"container\" data-e-type=\"container\">\n\t\t\t\t<div class=\"elementor-element elementor-element-067eaf0 elementor-widget elementor-widget-heading\" data-id=\"067eaf0\" data-element_type=\"widget\" data-e-type=\"widget\" data-widget_type=\"heading.default\">\n\t\t\t\t<div class=\"elementor-widget-container\">\n\t\t\t\t\t<h2 class=\"elementor-heading-title elementor-size-default\">RGPD Brico Solutions<\/h2>\t\t\t\t<\/div>\n\t\t\t\t<\/div>\n\t\t\t\t<\/div>\n\t\t\t\t\t<\/div>\n\t\t\t\t<\/div>\n\t\t<div class=\"elementor-element elementor-element-52b7f0ba e-flex e-con-boxed e-con e-parent\" data-id=\"52b7f0ba\" data-element_type=\"container\" data-e-type=\"container\">\n\t\t\t\t\t<div class=\"e-con-inner\">\n\t\t\t\t<div class=\"elementor-element elementor-element-2812ebfe elementor-widget elementor-widget-text-editor\" data-id=\"2812ebfe\" data-element_type=\"widget\" data-e-type=\"widget\" data-widget_type=\"text-editor.default\">\n\t\t\t\t<div class=\"elementor-widget-container\">\n\t\t\t\t\t\t\t\t\t<p><strong style=\"color: var( --e-global-color-text ); font-family: var( --e-global-typography-text-font-family ), Sans-serif; text-align: var(--text-align); font-size: 1rem;\">Politique de traitement des donn\u00e9es<\/strong><\/p><p>La pr\u00e9sente Politique a pour objectif de vous informer du traitement de vos donn\u00e9es \u00e0 caract\u00e8re personnel lors de votre navigation sur le site\u00a0<a href=\"https:\/\/www.bricosolutions.fr\">www.bricosolutions.fr<\/a>\u00a0(le \u00ab\u00a0Site\u00a0\u00bb).<\/p><p>\u00c0 travers cette Politique, nous souhaitons que vous compreniez la nature des informations personnelles que nous recueillons, la fa\u00e7on dont nous les utilisons, avec qui nous les partageons, comment nous nous effor\u00e7ons de les prot\u00e9ger, comment vous pouvez exercer vos droits et, enfin, comment nous contacter.<\/p><p>Cette Politique a \u00e9galement pour objet de vous communiquer toutes les informations impos\u00e9es par l\u2019article 13 du R\u00e8glement UE 2016\/679 du Parlement europ\u00e9en et du Conseil du 27 avril 2016 relatif \u00e0 la protection des personnes physiques \u00e0 l\u2019\u00e9gard du traitement des donn\u00e9es \u00e0 caract\u00e8re personnel et \u00e0 la libre circulation de ces donn\u00e9es (le \u00ab\u00a0RGPD\u00a0\u00bb).<\/p><p>Enfin, nous attirons votre attention sur le fait que nous pouvons \u00eatre amen\u00e9s \u00e0 apporter des modifications \u00e0 cette Politique, notamment pour la conformer \u00e0 toute nouvelle r\u00e9glementation ou l\u2019adapter \u00e0 nos pratiques.<\/p><p><strong>1. Responsable du traitement et de la collecte des donn\u00e9es (DPD \u2013 D\u00e9l\u00e9gu\u00e9 \u00e0 la protection des donn\u00e9es) <\/strong><\/p><p>Les informations recueillies sur les formulaires sont enregistr\u00e9es et trait\u00e9es dans un\u00a0fichier\u00a0informatis\u00e9 par\u00a0:<\/p><p>Brico Solutions<br \/>Francis SALAUN E.I.<br \/>7 rue Savary<br \/>95000 Neuville-sur-Oise<br \/>Courriel\u00a0: <a href=\"mailto:francis@bricosolutions.fr\">francis@bricosolutions.fr<\/a><br \/>SIRET : 93958274800017 enregistr\u00e9 au registre du commerce et des soci\u00e9t\u00e9s de Pontoise.<\/p><p><strong>2. Donn\u00e9es personnelles collect\u00e9es<\/strong><\/p><p>La notion de \u00ab\u00a0donn\u00e9e \u00e0 caract\u00e8re personnel\u00a0\u00bb ou\u00a0\u00ab\u00a0donn\u00e9e personnelle\u00a0\u00bb d\u00e9signe toute information se rapportant \u00e0 une personne physique identifi\u00e9e ou identifiable.<br \/>Conform\u00e9ment au principe de minimisation, nous veillons \u00e0 ne collecter que des donn\u00e9es personnelles strictement n\u00e9cessaires \u00e0 la finalit\u00e9 des traitements mis en \u0153uvre.<br \/>Lors de votre navigation sur le Site, et en fonction de vos actions, nous sommes susceptibles de collecter vos donn\u00e9es personnelles.<\/p><p><strong>Action 1\u00a0: Lorsque vous demandez un devis<\/strong><\/p><p>Le Site vous permet de demander un devis gratuit et personnalis\u00e9 \u00e0 vos besoins. Dans ce cadre, le formulaire de demande de devis collecte vos donn\u00e9es d\u2019identification (<em>nom, pr\u00e9nom<\/em>), vos donn\u00e9es de contact (<em>adresse email,\u00a0 num\u00e9ro de t\u00e9l\u00e9phone<\/em>), ainsi que les donn\u00e9es li\u00e9es \u00e0 vos besoins (<em>type de logement, ville d&rsquo;intervention<\/em>) et aux services que vous recherchez.<br \/>Certaines de ces donn\u00e9es sont n\u00e9cessaires \u00e0 la prise en compte de votre demande et sont signal\u00e9es par un ast\u00e9risque (*). Dans l\u2019hypoth\u00e8se o\u00f9 vous refuseriez de les communiquer, votre demande de devis ne pourra pas \u00eatre trait\u00e9e.<\/p><p><strong>Action 2\u00a0: Lorsque vous nous contactez via le formulaire de contact ou par email<\/strong><\/p><p>Le site vous permet de nous contacter directement via notre formulaire de contact et ainsi nous poser toutes vos questions concernant nos services \u00e0 la personne. Dans ce cadre, le formulaire collecte vos donn\u00e9es d\u2019identification (<em>nom et pr\u00e9nom<\/em>), vos donn\u00e9es de contact (<em>adresse email et num\u00e9ro de t\u00e9l\u00e9phone<\/em>), ainsi que les donn\u00e9es li\u00e9es \u00e0 vos questions.<br \/>Certaines de ces donn\u00e9es sont n\u00e9cessaires \u00e0 la prise en compte de votre demande et sont signal\u00e9es par un ast\u00e9risque (*). Dans l\u2019hypoth\u00e8se o\u00f9 vous refuseriez de les communiquer, votre demande ne pourra pas \u00eatre trait\u00e9e.<br \/>Vous avez \u00e9galement la possibilit\u00e9 de nous contacter directement par email \u00e0 l\u2019adresse\u00a0<a href=\"mailto:francis@bricosolutions.fr\">francis@bricosolutions.fr<\/a>. Dans ce cadre, nous collectons les donn\u00e9es que vous nous fournissez directement dans votre email (<em>adresse email, nom, pr\u00e9nom, contenu de votre demande, etc.<\/em>).<\/p><p><strong>Action 3\u00a0: Lorsque vous recevez nos offres et actualit\u00e9s<\/strong><\/p><p>Le formulaire \u00ab\u00a0actualit\u00e9s\u00a0\u00bb du site vous permet de nous autoriser \u00e0 vous envoyer nos offres et actualit\u00e9s par email.<br \/>Ainsi, nous utiliserons vos donn\u00e9es d\u2019identification (<em>nom et pr\u00e9nom<\/em>), ainsi que vos donn\u00e9es de contact (<em>adresse email<\/em>), collect\u00e9es via les formulaires du Site que vous avez remplis.<\/p><p><strong>3. Finalit\u00e9s et bases l\u00e9gales des traitements de vos donn\u00e9es personnelles<\/strong><\/p><p>Les finalit\u00e9s et bases l\u00e9gales des traitements de vos donn\u00e9es personnelles r\u00e9alis\u00e9s via le Site sont les suivantes\u00a0:<\/p><table width=\"945\"><tbody><tr><td width=\"283\"><strong>Actions<\/strong><\/td><td width=\"340\"><strong>Finalit\u00e9s<\/strong><\/td><td width=\"322\"><strong>Base l\u00e9gale<\/strong><\/td><\/tr><tr><td width=\"283\"><strong>Action 1\u00a0: Lorsque vous demandez un devis<\/strong><\/td><td width=\"340\">\u00catre en mesure de prendre en compte et de traiter votre demande de devis gratuit et personnalit\u00e9.<\/td><td width=\"322\">Ex\u00e9cution de mesures pr\u00e9contractuelles demand\u00e9es par vos soins. Vous pouvez \u00e9galement vous opposer au traitement de vos donn\u00e9es.<\/td><\/tr><tr><td width=\"283\"><strong>Action 2\u00a0: Lorsque vous nous contactez via le formulaire de contact ou par courriel<\/strong><\/td><td width=\"340\">\u00catre en mesure de prendre en compte et de r\u00e9pondre \u00e0 vos demandes.<\/td><td width=\"322\">Int\u00e9r\u00eat l\u00e9gitime de vous permettre de nous contacter. Vous pouvez \u00e9galement vous opposer au traitement de vos donn\u00e9es.<\/td><\/tr><tr><td width=\"283\"><strong>Action 3\u00a0: Lorsque vous recevez nos offres et actualit\u00e9s<\/strong><\/td><td width=\"340\">Vous informer des actualit\u00e9s et offres de Brico Solutions.<\/td><td width=\"322\"><p>Votre consentement si vous \u00eates un particulier.<\/p><p>Vous pouvez retirer \u00e0 tout moment votre consentement au traitement de vos donn\u00e9es.<\/p><\/td><\/tr><\/tbody><\/table><p>Vos donn\u00e9es sont \u00e9galement susceptibles d\u2019\u00eatre trait\u00e9es pour les finalit\u00e9s et bases l\u00e9gales suivantes\u00a0:<\/p><table width=\"945\"><tbody><tr><td width=\"623\"><strong>Finalit\u00e9s<\/strong><\/td><td width=\"322\"><strong>Bases l\u00e9gales<\/strong><\/td><\/tr><tr><td width=\"623\">R\u00e9pondre \u00e0 vos demandes d\u2019exercice de droits (<em>droit d\u2019acc\u00e8s, de rectification, d\u2019effacement, d\u2019opposition, de portabilit\u00e9, etc.<\/em>).<\/td><td width=\"322\">Notre obligation l\u00e9gale.<\/td><\/tr><tr><td width=\"623\">Le cas \u00e9ch\u00e9ant, \u00eatre en mesure de d\u00e9montrer le respect de nos obligations l\u00e9gales et r\u00e9glementaires.<\/td><td width=\"322\">Notre obligation l\u00e9gale.<\/td><\/tr><\/tbody><\/table><p><strong>4. Destinataire(s) de vos donn\u00e9es personnelles <\/strong><\/p><p>Vos donn\u00e9es personnelles sont destin\u00e9es et accessibles \u00e0 Brico Solutions, dont les fonctions n\u00e9cessitent un tel acc\u00e8s pour mener \u00e0 bien sa mission et la finalit\u00e9 pour laquelle vos donn\u00e9es sont trait\u00e9es.<\/p><p>Autorit\u00e9s judiciaires, publiques ou gouvernementales\u00a0:<\/p><p>Le cas \u00e9ch\u00e9ant, nous pouvons \u00eatre tenus de divulguer vos donn\u00e9es personnelles, lorsque cela est n\u00e9cessaire pour :<\/p><ul><li>Nous conformer \u00e0 la loi (ou \u00e0 une assignation \u00e0 t\u00e9moigner ou ordonnance du tribunal).<\/li><li>Nous conformer aux demandes l\u00e9gitimes \u00e9manant d\u2019autorit\u00e9s publiques et gouvernementales.<\/li><li>Pr\u00e9venir un d\u00e9lit ou proc\u00e9der \u00e0 une enqu\u00eate, par exemple en cas de fraude ou de vol d\u2019identit\u00e9.<\/li><li>Prot\u00e9ger nos droits, notre propri\u00e9t\u00e9 ou notre s\u00e9curit\u00e9, ceux des internautes ou de tiers.<\/li><\/ul><p>\u00a0<\/p><p><strong>5. Vos droits<\/strong><\/p><p><strong>Vos droits relatifs \u00e0 la protection de vos donn\u00e9es personnelles<\/strong><\/p><p>Vous disposez d\u2019un droit d\u2019acc\u00e8s, de rectification, d\u2019effacement et \u00e0 la portabilit\u00e9 de vos donn\u00e9es. Vous pouvez \u00e9galement demander la limitation du traitement de vos donn\u00e9es ou vous opposer \u00e0 leur traitement. Vous \u00eates en droit de nous communiquer vos directives relatives au sort de vos donn\u00e9es personnelles en cas de d\u00e9c\u00e8s. Lorsque vous avez donn\u00e9 votre consentement pour le traitement de vos donn\u00e9es personnelles, vous pourrez retirer ce consentement \u00e0 tout moment et gratuitement. Vous pouvez exercer vos droits aupr\u00e8s de notre DPD, dont les coordonn\u00e9es sont indiqu\u00e9es au 1. Responsable du traitement et collecte des donn\u00e9es (DPD \u2013 D\u00e9l\u00e9gu\u00e9 \u00e0 la protection des donn\u00e9es).<br \/>Afin de prot\u00e9ger votre vie priv\u00e9e, et d\u2019assurer la s\u00e9curit\u00e9 de vos donn\u00e9es, nous pourrons prendre des mesures raisonnables pour v\u00e9rifier votre identit\u00e9 avant de donner suite \u00e0 votre demande d\u2019exercice de droits.<br \/>Si vous estimez, apr\u00e8s nous avons contact\u00e9s, que vos droits ne sont pas respect\u00e9s, vous pouvez introduire une r\u00e9clamation aupr\u00e8s de la CNIL ( <a href=\"https:\/\/www.cnil.fr\/fr\">https:\/\/www.cnil.fr\/fr<\/a> )<\/p><p><strong>Vos droits relatifs \u00e0 la communication de nos offres et actualit\u00e9s par voie \u00e9lectronique<\/strong><\/p><p>Vous pouvez, \u00e0 tout moment, vous opposer \u00e0 la r\u00e9ception de nos communications et\/ou vous d\u00e9sinscrire :<\/p><ul><li>En cliquant sur le lien de d\u00e9sinscription pr\u00e9sent en bas de chaque communication re\u00e7ue par email.<\/li><li>En envoyant le message \u00ab\u00a0STOP\u00a0\u00bb au num\u00e9ro indiqu\u00e9 au sein du sms re\u00e7u.<\/li><li>En contactant notre DPD aux coordonn\u00e9es indiqu\u00e9es ci-dessus.<\/li><\/ul><p>\u00a0<\/p><p><strong>Vos droits relatifs \u00e0 l\u2019utilisation de votre num\u00e9ro de t\u00e9l\u00e9phone<\/strong><\/p><p>En nous communiquant votre num\u00e9ro de t\u00e9l\u00e9phone via l\u2019un des formulaires disponibles sur le site, nous sommes susceptibles de vous contacter par t\u00e9l\u00e9phone pour vous pr\u00e9senter nos offres de services. Vous pouvez vous opposer \u00e0 \u00eatre appel\u00e9 ult\u00e9rieurement\u00a0:<\/p><ul><li>Lors de votre demande en ligne en le mentionnant dans le commentaire.<\/li><li>Au cours de l\u2019appel en le pr\u00e9cisant \u00e0 votre interlocuteur.<\/li><li>En vous inscrivant sur la liste d\u2019opposition au d\u00e9marchage t\u00e9l\u00e9phonique, Bloctel, en cliquant ici\u00a0:\u00a0<a href=\"https:\/\/www.bloctel.gouv.fr\/\">https:\/\/www.bloctel.gouv.fr\/<\/a><\/li><\/ul><p>Si vous y avez consenti, nous pourrons vous rappeler afin d\u2019\u00e9changer avec vous au sujet de votre demande, et ce ind\u00e9pendamment de votre inscription sur la liste d\u2019opposition au d\u00e9marchage t\u00e9l\u00e9phonique Bloctel. Vous pourrez retirer ce consentement \u00e0 tout moment et gratuitement en contactant notre DPD.<\/p><p><strong>6. S\u00e9curit\u00e9 et confidentialit\u00e9 de vos donn\u00e9es personnelles<\/strong><\/p><p>Nous mettons en \u0153uvre, conform\u00e9ment \u00e0 l\u2019article 32 du RGPD, des mesures organisationnelles et techniques destin\u00e9es \u00e0 assurer la s\u00e9curit\u00e9, la confidentialit\u00e9, la disponibilit\u00e9 et l\u2019int\u00e9grit\u00e9 de vos donn\u00e9es personnelles. \u00c0 ce titre, les pr\u00e9cautions administratives, organisationnelles, techniques et physiques mises en \u0153uvre ont pour but de prot\u00e9ger vos donn\u00e9es \u00e0 caract\u00e8re personnel de la perte, du vol, d\u2019un acc\u00e8s non autoris\u00e9, d\u2019une transmission non autoris\u00e9e, de toute modification ou destruction ill\u00e9gitime. Les mesures et pr\u00e9cautions mises en \u0153uvre sont \u00e9valu\u00e9es au regard de la nature des donn\u00e9es personnelles trait\u00e9es et des op\u00e9rations de traitement entreprises. L\u2019ensemble des pages du Site est s\u00e9curis\u00e9 en HTTPS par l\u2019application de certificats TLS.<\/p><p><strong>7. Dur\u00e9es de conservation de vos donn\u00e9es personnelles<\/strong><\/p><p>Nous ne conservons vos donn\u00e9es personnelles que pendant le temps n\u00e9cessaire aux op\u00e9rations pour lesquelles elles ont \u00e9t\u00e9 collect\u00e9es et dans le respect de la r\u00e9glementation en vigueur. De mani\u00e8re g\u00e9n\u00e9rale, en fonction de votre situation, les dur\u00e9es de conservation suivantes pourront s\u2019appliquer\u00a0:<\/p><table width=\"945\"><tbody><tr><td><strong>Cat\u00e9gories de donn\u00e9es<\/strong><\/td><td><strong>Dur\u00e9es de conservation<\/strong><\/td><\/tr><tr><td>Donn\u00e9es collect\u00e9es dans le cadre de votre demande de devis<\/td><td>3 ans (36 mois) \u00e0 partir de la derni\u00e8re demande.<\/td><\/tr><tr><td>Donn\u00e9es collect\u00e9es dans le cadre de votre prise de contact avec nous<\/td><td>Dur\u00e9e n\u00e9cessaire au traitement de votre demande.<\/td><\/tr><tr><td>Donn\u00e9es collect\u00e9es pour vous envoyer nos offres et actualit\u00e9s<\/td><td>3 ans \u00e0 compter de votre dernier contact avec nous (<em>ex\u00a0: clic au sein d\u2019une communication<\/em>), sauf opposition\/d\u00e9sinscription pr\u00e9alable.<\/td><\/tr><\/tbody><\/table><p>Certaines donn\u00e9es pourront \u00eatre conserv\u00e9es pour une dur\u00e9e suppl\u00e9mentaire pour la gestion de r\u00e9clamations et\/ou contentieux ainsi que pour r\u00e9pondre \u00e0 nos obligations l\u00e9gales ou r\u00e9glementaires ou encore pour r\u00e9pondre \u00e0 des demandes d\u2019autorit\u00e9s habilit\u00e9es. Ces donn\u00e9es seront conserv\u00e9es en archivage interm\u00e9diaire et b\u00e9n\u00e9ficieront d\u2019un acc\u00e8s restreint \u00e0 ces seules finalit\u00e9s.<\/p><p><strong>8. Modifications apport\u00e9es \u00e0 la Politique<\/strong><\/p><p>Nous sommes susceptibles de modifier p\u00e9riodiquement cette Politique. En cas de modifications majeures apport\u00e9es \u00e0 la pr\u00e9sente Politique, nous afficherons une notification de mani\u00e8re visible sur la page d\u2019accueil du Site. Nous vous invitons \u00e0 consulter cette Politique r\u00e9guli\u00e8rement.<\/p>\t\t\t\t\t\t\t\t<\/div>\n\t\t\t\t<\/div>\n\t\t\t\t\t<\/div>\n\t\t\t\t<\/div>\n\t\t\t\t<\/div>\n\t\t","protected":false},"excerpt":{"rendered":"<p>RGPD Brico Solutions Politique de traitement des donn\u00e9es La pr\u00e9sente Politique a pour objectif de vous informer du traitement de vos donn\u00e9es \u00e0 caract\u00e8re personnel lors de votre navigation sur le site\u00a0www.bricosolutions.fr\u00a0(le \u00ab\u00a0Site\u00a0\u00bb). \u00c0 travers cette Politique, nous souhaitons que vous compreniez la nature des informations personnelles que nous recueillons, la fa\u00e7on dont nous les [&hellip;]<\/p>\n","protected":false},"author":1,"featured_media":0,"parent":0,"menu_order":0,"comment_status":"closed","ping_status":"closed","template":"","meta":{"_monsterinsights_skip_tracking":false,"_monsterinsights_sitenote_active":false,"_monsterinsights_sitenote_note":"","_monsterinsights_sitenote_category":0,"_uf_show_specific_survey":0,"_uf_disable_surveys":false,"footnotes":""},"class_list":["post-32","page","type-page","status-publish","hentry"],"yoast_head":"<!-- This site is optimized with the Yoast SEO plugin v27.5 - https:\/\/yoast.com\/product\/yoast-seo-wordpress\/ -->\n<title>RGPD - BricoSolutions<\/title>\n<meta name=\"robots\" content=\"index, follow, max-snippet:-1, max-image-preview:large, max-video-preview:-1\" \/>\n<link rel=\"canonical\" href=\"https:\/\/www.bricosolutions.fr\/index.php\/rgpd\/\" \/>\n<meta property=\"og:locale\" content=\"fr_FR\" \/>\n<meta property=\"og:type\" content=\"article\" \/>\n<meta property=\"og:title\" content=\"RGPD - BricoSolutions\" \/>\n<meta property=\"og:description\" content=\"RGPD Brico Solutions Politique de traitement des donn\u00e9es La pr\u00e9sente Politique a pour objectif de vous informer du traitement de vos donn\u00e9es \u00e0 caract\u00e8re personnel lors de votre navigation sur le site\u00a0www.bricosolutions.fr\u00a0(le \u00ab\u00a0Site\u00a0\u00bb). \u00c0 travers cette Politique, nous souhaitons que vous compreniez la nature des informations personnelles que nous recueillons, la fa\u00e7on dont nous les [&hellip;]\" \/>\n<meta property=\"og:url\" content=\"https:\/\/www.bricosolutions.fr\/index.php\/rgpd\/\" \/>\n<meta property=\"og:site_name\" content=\"BricoSolutions\" \/>\n<meta property=\"article:modified_time\" content=\"2025-03-27T14:16:37+00:00\" \/>\n<meta name=\"twitter:card\" content=\"summary_large_image\" \/>\n<meta name=\"twitter:label1\" content=\"Dur\u00e9e de lecture estim\u00e9e\" \/>\n\t<meta name=\"twitter:data1\" content=\"9 minutes\" \/>\n<script type=\"application\/ld+json\" class=\"yoast-schema-graph\">{\"@context\":\"https:\\\/\\\/schema.org\",\"@graph\":[{\"@type\":\"WebPage\",\"@id\":\"https:\\\/\\\/www.bricosolutions.fr\\\/index.php\\\/rgpd\\\/\",\"url\":\"https:\\\/\\\/www.bricosolutions.fr\\\/index.php\\\/rgpd\\\/\",\"name\":\"RGPD - BricoSolutions\",\"isPartOf\":{\"@id\":\"https:\\\/\\\/www.bricosolutions.fr\\\/#website\"},\"datePublished\":\"2025-03-06T08:55:29+00:00\",\"dateModified\":\"2025-03-27T14:16:37+00:00\",\"breadcrumb\":{\"@id\":\"https:\\\/\\\/www.bricosolutions.fr\\\/index.php\\\/rgpd\\\/#breadcrumb\"},\"inLanguage\":\"fr-FR\",\"potentialAction\":[{\"@type\":\"ReadAction\",\"target\":[\"https:\\\/\\\/www.bricosolutions.fr\\\/index.php\\\/rgpd\\\/\"]}]},{\"@type\":\"BreadcrumbList\",\"@id\":\"https:\\\/\\\/www.bricosolutions.fr\\\/index.php\\\/rgpd\\\/#breadcrumb\",\"itemListElement\":[{\"@type\":\"ListItem\",\"position\":1,\"name\":\"Accueil\",\"item\":\"https:\\\/\\\/www.bricosolutions.fr\\\/\"},{\"@type\":\"ListItem\",\"position\":2,\"name\":\"RGPD\"}]},{\"@type\":\"WebSite\",\"@id\":\"https:\\\/\\\/www.bricosolutions.fr\\\/#website\",\"url\":\"https:\\\/\\\/www.bricosolutions.fr\\\/\",\"name\":\"BricoSolutions\",\"description\":\"Services \u00e0 la personne | Bricolage | Jardinage | Assistance informatique | Assistance administrative | Neuville sur Oise, Cergy, Conflans-Sainte-Honorine et environs\",\"publisher\":{\"@id\":\"https:\\\/\\\/www.bricosolutions.fr\\\/#organization\"},\"potentialAction\":[{\"@type\":\"SearchAction\",\"target\":{\"@type\":\"EntryPoint\",\"urlTemplate\":\"https:\\\/\\\/www.bricosolutions.fr\\\/?s={search_term_string}\"},\"query-input\":{\"@type\":\"PropertyValueSpecification\",\"valueRequired\":true,\"valueName\":\"search_term_string\"}}],\"inLanguage\":\"fr-FR\"},{\"@type\":\"Organization\",\"@id\":\"https:\\\/\\\/www.bricosolutions.fr\\\/#organization\",\"name\":\"BricoSolutions\",\"url\":\"https:\\\/\\\/www.bricosolutions.fr\\\/\",\"logo\":{\"@type\":\"ImageObject\",\"inLanguage\":\"fr-FR\",\"@id\":\"https:\\\/\\\/www.bricosolutions.fr\\\/#\\\/schema\\\/logo\\\/image\\\/\",\"url\":\"https:\\\/\\\/www.bricosolutions.fr\\\/wp-content\\\/uploads\\\/2025\\\/03\\\/Logo-BricoSolutions-239-x-149.png\",\"contentUrl\":\"https:\\\/\\\/www.bricosolutions.fr\\\/wp-content\\\/uploads\\\/2025\\\/03\\\/Logo-BricoSolutions-239-x-149.png\",\"width\":239,\"height\":149,\"caption\":\"BricoSolutions\"},\"image\":{\"@id\":\"https:\\\/\\\/www.bricosolutions.fr\\\/#\\\/schema\\\/logo\\\/image\\\/\"}}]}<\/script>\n<!-- \/ Yoast SEO plugin. -->","yoast_head_json":{"title":"RGPD - BricoSolutions","robots":{"index":"index","follow":"follow","max-snippet":"max-snippet:-1","max-image-preview":"max-image-preview:large","max-video-preview":"max-video-preview:-1"},"canonical":"https:\/\/www.bricosolutions.fr\/index.php\/rgpd\/","og_locale":"fr_FR","og_type":"article","og_title":"RGPD - BricoSolutions","og_description":"RGPD Brico Solutions Politique de traitement des donn\u00e9es La pr\u00e9sente Politique a pour objectif de vous informer du traitement de vos donn\u00e9es \u00e0 caract\u00e8re personnel lors de votre navigation sur le site\u00a0www.bricosolutions.fr\u00a0(le \u00ab\u00a0Site\u00a0\u00bb). \u00c0 travers cette Politique, nous souhaitons que vous compreniez la nature des informations personnelles que nous recueillons, la fa\u00e7on dont nous les [&hellip;]","og_url":"https:\/\/www.bricosolutions.fr\/index.php\/rgpd\/","og_site_name":"BricoSolutions","article_modified_time":"2025-03-27T14:16:37+00:00","twitter_card":"summary_large_image","twitter_misc":{"Dur\u00e9e de lecture estim\u00e9e":"9 minutes"},"schema":{"@context":"https:\/\/schema.org","@graph":[{"@type":"WebPage","@id":"https:\/\/www.bricosolutions.fr\/index.php\/rgpd\/","url":"https:\/\/www.bricosolutions.fr\/index.php\/rgpd\/","name":"RGPD - BricoSolutions","isPartOf":{"@id":"https:\/\/www.bricosolutions.fr\/#website"},"datePublished":"2025-03-06T08:55:29+00:00","dateModified":"2025-03-27T14:16:37+00:00","breadcrumb":{"@id":"https:\/\/www.bricosolutions.fr\/index.php\/rgpd\/#breadcrumb"},"inLanguage":"fr-FR","potentialAction":[{"@type":"ReadAction","target":["https:\/\/www.bricosolutions.fr\/index.php\/rgpd\/"]}]},{"@type":"BreadcrumbList","@id":"https:\/\/www.bricosolutions.fr\/index.php\/rgpd\/#breadcrumb","itemListElement":[{"@type":"ListItem","position":1,"name":"Accueil","item":"https:\/\/www.bricosolutions.fr\/"},{"@type":"ListItem","position":2,"name":"RGPD"}]},{"@type":"WebSite","@id":"https:\/\/www.bricosolutions.fr\/#website","url":"https:\/\/www.bricosolutions.fr\/","name":"BricoSolutions","description":"Services \u00e0 la personne | Bricolage | Jardinage | Assistance informatique | Assistance administrative | Neuville sur Oise, Cergy, Conflans-Sainte-Honorine et environs","publisher":{"@id":"https:\/\/www.bricosolutions.fr\/#organization"},"potentialAction":[{"@type":"SearchAction","target":{"@type":"EntryPoint","urlTemplate":"https:\/\/www.bricosolutions.fr\/?s={search_term_string}"},"query-input":{"@type":"PropertyValueSpecification","valueRequired":true,"valueName":"search_term_string"}}],"inLanguage":"fr-FR"},{"@type":"Organization","@id":"https:\/\/www.bricosolutions.fr\/#organization","name":"BricoSolutions","url":"https:\/\/www.bricosolutions.fr\/","logo":{"@type":"ImageObject","inLanguage":"fr-FR","@id":"https:\/\/www.bricosolutions.fr\/#\/schema\/logo\/image\/","url":"https:\/\/www.bricosolutions.fr\/wp-content\/uploads\/2025\/03\/Logo-BricoSolutions-239-x-149.png","contentUrl":"https:\/\/www.bricosolutions.fr\/wp-content\/uploads\/2025\/03\/Logo-BricoSolutions-239-x-149.png","width":239,"height":149,"caption":"BricoSolutions"},"image":{"@id":"https:\/\/www.bricosolutions.fr\/#\/schema\/logo\/image\/"}}]}},"_links":{"self":[{"href":"https:\/\/www.bricosolutions.fr\/index.php\/wp-json\/wp\/v2\/pages\/32","targetHints":{"allow":["GET"]}}],"collection":[{"href":"https:\/\/www.bricosolutions.fr\/index.php\/wp-json\/wp\/v2\/pages"}],"about":[{"href":"https:\/\/www.bricosolutions.fr\/index.php\/wp-json\/wp\/v2\/types\/page"}],"author":[{"embeddable":true,"href":"https:\/\/www.bricosolutions.fr\/index.php\/wp-json\/wp\/v2\/users\/1"}],"replies":[{"embeddable":true,"href":"https:\/\/www.bricosolutions.fr\/index.php\/wp-json\/wp\/v2\/comments?post=32"}],"version-history":[{"count":22,"href":"https:\/\/www.bricosolutions.fr\/index.php\/wp-json\/wp\/v2\/pages\/32\/revisions"}],"predecessor-version":[{"id":1517,"href":"https:\/\/www.bricosolutions.fr\/index.php\/wp-json\/wp\/v2\/pages\/32\/revisions\/1517"}],"wp:attachment":[{"href":"https:\/\/www.bricosolutions.fr\/index.php\/wp-json\/wp\/v2\/media?parent=32"}],"curies":[{"name":"wp","href":"https:\/\/api.w.org\/{rel}","templated":true}]}}