{"id":605,"date":"2025-03-22T00:13:38","date_gmt":"2025-03-21T23:13:38","guid":{"rendered":"https:\/\/www.bricosolutions.fr\/?page_id=605"},"modified":"2025-05-22T11:12:34","modified_gmt":"2025-05-22T09:12:34","slug":"zone-dintervention-de-brico-solutions","status":"publish","type":"page","link":"https:\/\/www.bricosolutions.fr\/index.php\/zone-dintervention-de-brico-solutions\/","title":{"rendered":"Zone d&rsquo;intervention"},"content":{"rendered":"\t\t<div data-elementor-type=\"wp-page\" data-elementor-id=\"605\" class=\"elementor elementor-605\">\n\t\t\t\t<div class=\"elementor-element elementor-element-f1e244b e-flex e-con-boxed e-con e-parent\" data-id=\"f1e244b\" data-element_type=\"container\" data-e-type=\"container\">\n\t\t\t\t\t<div class=\"e-con-inner\">\n\t\t<div class=\"elementor-element elementor-element-8f0f499 e-con-full e-flex e-con e-child\" data-id=\"8f0f499\" data-element_type=\"container\" data-e-type=\"container\">\n\t\t\t\t<div class=\"elementor-element elementor-element-d102980 elementor-widget elementor-widget-heading\" data-id=\"d102980\" data-element_type=\"widget\" data-e-type=\"widget\" data-widget_type=\"heading.default\">\n\t\t\t\t<div class=\"elementor-widget-container\">\n\t\t\t\t\t<h2 class=\"elementor-heading-title elementor-size-default\">Zone d'intervention<\/h2>\t\t\t\t<\/div>\n\t\t\t\t<\/div>\n\t\t\t\t<\/div>\n\t\t\t\t\t<\/div>\n\t\t\t\t<\/div>\n\t\t<div class=\"elementor-element elementor-element-ab3768e e-flex e-con-boxed e-con e-parent\" data-id=\"ab3768e\" data-element_type=\"container\" data-e-type=\"container\">\n\t\t\t\t\t<div class=\"e-con-inner\">\n\t\t\t\t<div class=\"elementor-element elementor-element-b167fc9 elementor-widget elementor-widget-image\" data-id=\"b167fc9\" data-element_type=\"widget\" data-e-type=\"widget\" data-widget_type=\"image.default\">\n\t\t\t\t<div class=\"elementor-widget-container\">\n\t\t\t\t\t\t\t\t\t\t\t\t\t\t\t<img fetchpriority=\"high\" decoding=\"async\" width=\"1274\" height=\"795\" src=\"https:\/\/www.bricosolutions.fr\/wp-content\/uploads\/2025\/03\/Zone-dintervention-BricoSolutions.jpg\" class=\"attachment-1536x1536 size-1536x1536 wp-image-606\" alt=\"Zone d&#039;intervention BricoSolutions\" srcset=\"https:\/\/www.bricosolutions.fr\/wp-content\/uploads\/2025\/03\/Zone-dintervention-BricoSolutions.jpg 1274w, https:\/\/www.bricosolutions.fr\/wp-content\/uploads\/2025\/03\/Zone-dintervention-BricoSolutions-300x187.jpg 300w, https:\/\/www.bricosolutions.fr\/wp-content\/uploads\/2025\/03\/Zone-dintervention-BricoSolutions-1024x639.jpg 1024w, https:\/\/www.bricosolutions.fr\/wp-content\/uploads\/2025\/03\/Zone-dintervention-BricoSolutions-768x479.jpg 768w\" sizes=\"(max-width: 1274px) 100vw, 1274px\" \/>\t\t\t\t\t\t\t\t\t\t\t\t\t\t\t<\/div>\n\t\t\t\t<\/div>\n\t\t\t\t\t<\/div>\n\t\t\t\t<\/div>\n\t\t<div class=\"elementor-element elementor-element-d7ad75c e-flex e-con-boxed e-con e-parent\" data-id=\"d7ad75c\" data-element_type=\"container\" data-e-type=\"container\">\n\t\t\t\t\t<div class=\"e-con-inner\">\n\t\t\t\t<div class=\"elementor-element elementor-element-a3ab90d elementor-widget elementor-widget-text-editor\" data-id=\"a3ab90d\" data-element_type=\"widget\" data-e-type=\"widget\" data-widget_type=\"text-editor.default\">\n\t\t\t\t<div class=\"elementor-widget-container\">\n\t\t\t\t\t\t\t\t\t<p>Zone d&rsquo;intervention donn\u00e9e \u00e0 titre indicatif et non contractuelle. Brico Solutions se r\u00e9serve le droit de restreindre cette zone sans pr\u00e9avis.<\/p>\t\t\t\t\t\t\t\t<\/div>\n\t\t\t\t<\/div>\n\t\t\t\t\t<\/div>\n\t\t\t\t<\/div>\n\t\t\t\t<\/div>\n\t\t","protected":false},"excerpt":{"rendered":"<p>Zone d&rsquo;intervention Zone d&rsquo;intervention donn\u00e9e \u00e0 titre indicatif et non contractuelle. Brico Solutions se r\u00e9serve le droit de restreindre cette zone sans pr\u00e9avis.<\/p>\n","protected":false},"author":1,"featured_media":0,"parent":0,"menu_order":0,"comment_status":"closed","ping_status":"closed","template":"","meta":{"_monsterinsights_skip_tracking":false,"_monsterinsights_sitenote_active":false,"_monsterinsights_sitenote_note":"","_monsterinsights_sitenote_category":0,"_uf_show_specific_survey":0,"_uf_disable_surveys":false,"footnotes":""},"class_list":["post-605","page","type-page","status-publish","hentry"],"yoast_head":"<!-- This site is optimized with the Yoast SEO plugin v27.5 - https:\/\/yoast.com\/product\/yoast-seo-wordpress\/ -->\n<title>Zone d&#039;intervention de Brico Solutions - BricoSolutions<\/title>\n<meta name=\"description\" content=\"Brico Solutions intervient uniquement autour de la ville de Neuville-sur-Oise (proximit\u00e9 de Cergy dans le Val d&#039;Oise)\" \/>\n<meta name=\"robots\" content=\"index, follow, max-snippet:-1, max-image-preview:large, max-video-preview:-1\" \/>\n<link rel=\"canonical\" href=\"https:\/\/www.bricosolutions.fr\/index.php\/zone-dintervention-de-brico-solutions\/\" \/>\n<meta property=\"og:locale\" content=\"fr_FR\" \/>\n<meta property=\"og:type\" content=\"article\" \/>\n<meta property=\"og:title\" content=\"Zone d&#039;intervention de Brico Solutions - BricoSolutions\" \/>\n<meta property=\"og:description\" content=\"Brico Solutions intervient uniquement autour de la ville de Neuville-sur-Oise (proximit\u00e9 de Cergy dans le Val d&#039;Oise)\" \/>\n<meta property=\"og:url\" content=\"https:\/\/www.bricosolutions.fr\/index.php\/zone-dintervention-de-brico-solutions\/\" \/>\n<meta property=\"og:site_name\" content=\"BricoSolutions\" \/>\n<meta property=\"article:modified_time\" content=\"2025-05-22T09:12:34+00:00\" \/>\n<meta property=\"og:image\" content=\"https:\/\/www.bricosolutions.fr\/wp-content\/uploads\/2025\/03\/Zone-dintervention-BricoSolutions.jpg\" \/>\n\t<meta property=\"og:image:width\" content=\"1274\" \/>\n\t<meta property=\"og:image:height\" content=\"795\" \/>\n\t<meta property=\"og:image:type\" content=\"image\/jpeg\" \/>\n<meta name=\"twitter:card\" content=\"summary_large_image\" \/>\n<meta name=\"twitter:label1\" content=\"Dur\u00e9e de lecture estim\u00e9e\" \/>\n\t<meta name=\"twitter:data1\" content=\"1 minute\" \/>\n<script type=\"application\/ld+json\" class=\"yoast-schema-graph\">{\"@context\":\"https:\\\/\\\/schema.org\",\"@graph\":[{\"@type\":\"WebPage\",\"@id\":\"https:\\\/\\\/www.bricosolutions.fr\\\/index.php\\\/zone-dintervention-de-brico-solutions\\\/\",\"url\":\"https:\\\/\\\/www.bricosolutions.fr\\\/index.php\\\/zone-dintervention-de-brico-solutions\\\/\",\"name\":\"Zone d'intervention de Brico Solutions - BricoSolutions\",\"isPartOf\":{\"@id\":\"https:\\\/\\\/www.bricosolutions.fr\\\/#website\"},\"primaryImageOfPage\":{\"@id\":\"https:\\\/\\\/www.bricosolutions.fr\\\/index.php\\\/zone-dintervention-de-brico-solutions\\\/#primaryimage\"},\"image\":{\"@id\":\"https:\\\/\\\/www.bricosolutions.fr\\\/index.php\\\/zone-dintervention-de-brico-solutions\\\/#primaryimage\"},\"thumbnailUrl\":\"https:\\\/\\\/www.bricosolutions.fr\\\/wp-content\\\/uploads\\\/2025\\\/03\\\/Zone-dintervention-BricoSolutions.jpg\",\"datePublished\":\"2025-03-21T23:13:38+00:00\",\"dateModified\":\"2025-05-22T09:12:34+00:00\",\"description\":\"Brico Solutions intervient uniquement autour de la ville de Neuville-sur-Oise (proximit\u00e9 de Cergy dans le Val d'Oise)\",\"breadcrumb\":{\"@id\":\"https:\\\/\\\/www.bricosolutions.fr\\\/index.php\\\/zone-dintervention-de-brico-solutions\\\/#breadcrumb\"},\"inLanguage\":\"fr-FR\",\"potentialAction\":[{\"@type\":\"ReadAction\",\"target\":[\"https:\\\/\\\/www.bricosolutions.fr\\\/index.php\\\/zone-dintervention-de-brico-solutions\\\/\"]}]},{\"@type\":\"ImageObject\",\"inLanguage\":\"fr-FR\",\"@id\":\"https:\\\/\\\/www.bricosolutions.fr\\\/index.php\\\/zone-dintervention-de-brico-solutions\\\/#primaryimage\",\"url\":\"https:\\\/\\\/www.bricosolutions.fr\\\/wp-content\\\/uploads\\\/2025\\\/03\\\/Zone-dintervention-BricoSolutions.jpg\",\"contentUrl\":\"https:\\\/\\\/www.bricosolutions.fr\\\/wp-content\\\/uploads\\\/2025\\\/03\\\/Zone-dintervention-BricoSolutions.jpg\",\"width\":1274,\"height\":795,\"caption\":\"Zone d'intervention BricoSolutions\"},{\"@type\":\"BreadcrumbList\",\"@id\":\"https:\\\/\\\/www.bricosolutions.fr\\\/index.php\\\/zone-dintervention-de-brico-solutions\\\/#breadcrumb\",\"itemListElement\":[{\"@type\":\"ListItem\",\"position\":1,\"name\":\"Accueil\",\"item\":\"https:\\\/\\\/www.bricosolutions.fr\\\/\"},{\"@type\":\"ListItem\",\"position\":2,\"name\":\"Zone d&rsquo;intervention\"}]},{\"@type\":\"WebSite\",\"@id\":\"https:\\\/\\\/www.bricosolutions.fr\\\/#website\",\"url\":\"https:\\\/\\\/www.bricosolutions.fr\\\/\",\"name\":\"BricoSolutions\",\"description\":\"Services \u00e0 la personne | Bricolage | Jardinage | Assistance informatique | Assistance administrative | Neuville sur Oise, Cergy, Conflans-Sainte-Honorine et environs\",\"publisher\":{\"@id\":\"https:\\\/\\\/www.bricosolutions.fr\\\/#organization\"},\"potentialAction\":[{\"@type\":\"SearchAction\",\"target\":{\"@type\":\"EntryPoint\",\"urlTemplate\":\"https:\\\/\\\/www.bricosolutions.fr\\\/?s={search_term_string}\"},\"query-input\":{\"@type\":\"PropertyValueSpecification\",\"valueRequired\":true,\"valueName\":\"search_term_string\"}}],\"inLanguage\":\"fr-FR\"},{\"@type\":\"Organization\",\"@id\":\"https:\\\/\\\/www.bricosolutions.fr\\\/#organization\",\"name\":\"BricoSolutions\",\"url\":\"https:\\\/\\\/www.bricosolutions.fr\\\/\",\"logo\":{\"@type\":\"ImageObject\",\"inLanguage\":\"fr-FR\",\"@id\":\"https:\\\/\\\/www.bricosolutions.fr\\\/#\\\/schema\\\/logo\\\/image\\\/\",\"url\":\"https:\\\/\\\/www.bricosolutions.fr\\\/wp-content\\\/uploads\\\/2025\\\/03\\\/Logo-BricoSolutions-239-x-149.png\",\"contentUrl\":\"https:\\\/\\\/www.bricosolutions.fr\\\/wp-content\\\/uploads\\\/2025\\\/03\\\/Logo-BricoSolutions-239-x-149.png\",\"width\":239,\"height\":149,\"caption\":\"BricoSolutions\"},\"image\":{\"@id\":\"https:\\\/\\\/www.bricosolutions.fr\\\/#\\\/schema\\\/logo\\\/image\\\/\"}}]}<\/script>\n<!-- \/ Yoast SEO plugin. -->","yoast_head_json":{"title":"Zone d'intervention de Brico Solutions - BricoSolutions","description":"Brico Solutions intervient uniquement autour de la ville de Neuville-sur-Oise (proximit\u00e9 de Cergy dans le Val d'Oise)","robots":{"index":"index","follow":"follow","max-snippet":"max-snippet:-1","max-image-preview":"max-image-preview:large","max-video-preview":"max-video-preview:-1"},"canonical":"https:\/\/www.bricosolutions.fr\/index.php\/zone-dintervention-de-brico-solutions\/","og_locale":"fr_FR","og_type":"article","og_title":"Zone d'intervention de Brico Solutions - BricoSolutions","og_description":"Brico Solutions intervient uniquement autour de la ville de Neuville-sur-Oise (proximit\u00e9 de Cergy dans le Val d'Oise)","og_url":"https:\/\/www.bricosolutions.fr\/index.php\/zone-dintervention-de-brico-solutions\/","og_site_name":"BricoSolutions","article_modified_time":"2025-05-22T09:12:34+00:00","og_image":[{"width":1274,"height":795,"url":"https:\/\/www.bricosolutions.fr\/wp-content\/uploads\/2025\/03\/Zone-dintervention-BricoSolutions.jpg","type":"image\/jpeg"}],"twitter_card":"summary_large_image","twitter_misc":{"Dur\u00e9e de lecture estim\u00e9e":"1 minute"},"schema":{"@context":"https:\/\/schema.org","@graph":[{"@type":"WebPage","@id":"https:\/\/www.bricosolutions.fr\/index.php\/zone-dintervention-de-brico-solutions\/","url":"https:\/\/www.bricosolutions.fr\/index.php\/zone-dintervention-de-brico-solutions\/","name":"Zone d'intervention de Brico Solutions - BricoSolutions","isPartOf":{"@id":"https:\/\/www.bricosolutions.fr\/#website"},"primaryImageOfPage":{"@id":"https:\/\/www.bricosolutions.fr\/index.php\/zone-dintervention-de-brico-solutions\/#primaryimage"},"image":{"@id":"https:\/\/www.bricosolutions.fr\/index.php\/zone-dintervention-de-brico-solutions\/#primaryimage"},"thumbnailUrl":"https:\/\/www.bricosolutions.fr\/wp-content\/uploads\/2025\/03\/Zone-dintervention-BricoSolutions.jpg","datePublished":"2025-03-21T23:13:38+00:00","dateModified":"2025-05-22T09:12:34+00:00","description":"Brico Solutions intervient uniquement autour de la ville de Neuville-sur-Oise (proximit\u00e9 de Cergy dans le Val d'Oise)","breadcrumb":{"@id":"https:\/\/www.bricosolutions.fr\/index.php\/zone-dintervention-de-brico-solutions\/#breadcrumb"},"inLanguage":"fr-FR","potentialAction":[{"@type":"ReadAction","target":["https:\/\/www.bricosolutions.fr\/index.php\/zone-dintervention-de-brico-solutions\/"]}]},{"@type":"ImageObject","inLanguage":"fr-FR","@id":"https:\/\/www.bricosolutions.fr\/index.php\/zone-dintervention-de-brico-solutions\/#primaryimage","url":"https:\/\/www.bricosolutions.fr\/wp-content\/uploads\/2025\/03\/Zone-dintervention-BricoSolutions.jpg","contentUrl":"https:\/\/www.bricosolutions.fr\/wp-content\/uploads\/2025\/03\/Zone-dintervention-BricoSolutions.jpg","width":1274,"height":795,"caption":"Zone d'intervention BricoSolutions"},{"@type":"BreadcrumbList","@id":"https:\/\/www.bricosolutions.fr\/index.php\/zone-dintervention-de-brico-solutions\/#breadcrumb","itemListElement":[{"@type":"ListItem","position":1,"name":"Accueil","item":"https:\/\/www.bricosolutions.fr\/"},{"@type":"ListItem","position":2,"name":"Zone d&rsquo;intervention"}]},{"@type":"WebSite","@id":"https:\/\/www.bricosolutions.fr\/#website","url":"https:\/\/www.bricosolutions.fr\/","name":"BricoSolutions","description":"Services \u00e0 la personne | Bricolage | Jardinage | Assistance informatique | Assistance administrative | Neuville sur Oise, Cergy, Conflans-Sainte-Honorine et environs","publisher":{"@id":"https:\/\/www.bricosolutions.fr\/#organization"},"potentialAction":[{"@type":"SearchAction","target":{"@type":"EntryPoint","urlTemplate":"https:\/\/www.bricosolutions.fr\/?s={search_term_string}"},"query-input":{"@type":"PropertyValueSpecification","valueRequired":true,"valueName":"search_term_string"}}],"inLanguage":"fr-FR"},{"@type":"Organization","@id":"https:\/\/www.bricosolutions.fr\/#organization","name":"BricoSolutions","url":"https:\/\/www.bricosolutions.fr\/","logo":{"@type":"ImageObject","inLanguage":"fr-FR","@id":"https:\/\/www.bricosolutions.fr\/#\/schema\/logo\/image\/","url":"https:\/\/www.bricosolutions.fr\/wp-content\/uploads\/2025\/03\/Logo-BricoSolutions-239-x-149.png","contentUrl":"https:\/\/www.bricosolutions.fr\/wp-content\/uploads\/2025\/03\/Logo-BricoSolutions-239-x-149.png","width":239,"height":149,"caption":"BricoSolutions"},"image":{"@id":"https:\/\/www.bricosolutions.fr\/#\/schema\/logo\/image\/"}}]}},"_links":{"self":[{"href":"https:\/\/www.bricosolutions.fr\/index.php\/wp-json\/wp\/v2\/pages\/605","targetHints":{"allow":["GET"]}}],"collection":[{"href":"https:\/\/www.bricosolutions.fr\/index.php\/wp-json\/wp\/v2\/pages"}],"about":[{"href":"https:\/\/www.bricosolutions.fr\/index.php\/wp-json\/wp\/v2\/types\/page"}],"author":[{"embeddable":true,"href":"https:\/\/www.bricosolutions.fr\/index.php\/wp-json\/wp\/v2\/users\/1"}],"replies":[{"embeddable":true,"href":"https:\/\/www.bricosolutions.fr\/index.php\/wp-json\/wp\/v2\/comments?post=605"}],"version-history":[{"count":19,"href":"https:\/\/www.bricosolutions.fr\/index.php\/wp-json\/wp\/v2\/pages\/605\/revisions"}],"predecessor-version":[{"id":2145,"href":"https:\/\/www.bricosolutions.fr\/index.php\/wp-json\/wp\/v2\/pages\/605\/revisions\/2145"}],"wp:attachment":[{"href":"https:\/\/www.bricosolutions.fr\/index.php\/wp-json\/wp\/v2\/media?parent=605"}],"curies":[{"name":"wp","href":"https:\/\/api.w.org\/{rel}","templated":true}]}}